{"id":13206,"date":"2026-03-26T20:45:36","date_gmt":"2026-03-26T20:45:36","guid":{"rendered":"https:\/\/naturepet.com\/boutique\/uncategorized\/distributeur-intelligent-catit-pixi-avec-appli-de-controle-a-distance-2\/"},"modified":"2026-03-26T20:45:36","modified_gmt":"2026-03-26T20:45:36","slug":"distributeur-intelligent-catit-pixi-avec-appli-de-controle-a-distance-2","status":"publish","type":"product","link":"https:\/\/naturepet.com\/en\/boutique\/cats\/fountain\/distributeur-intelligent-catit-pixi-avec-appli-de-controle-a-distance-2\/","title":{"rendered":"Distributeur intelligent Catit PIXI avec appli de contr\u00f4le \u00e0 distance"},"content":{"rendered":"<p>Le distributeur intelligent Catit PIXI procure aux chats des repas bien proportionn\u00e9s m\u00eame lorsqu\u2019il n\u2019y a personne \u00e0 la maison. Il fait appel \u00e0 l\u2019instinct naturel des chats de manger plusieurs petits repas par jour, tout en r\u00e9duisant le risque qu\u2019ils se gavent.<\/p>\n<p>Avec l\u2019appli mobile, il est facile de planifier la distribution r\u00e9guli\u00e8re de repas, sans erreurs ni d\u00e9lai et de surveiller la quantit\u00e9 de nourriture que votre chat consomme en programmant des portions personnalis\u00e9es. Les repas peuvent \u00eatre programm\u00e9s ou distribu\u00e9s en appuyant simplement sur un bouton.<\/p>\n<p>Pour d\u2019autres d\u00e9tails,\u00a0<a href=\"http:\/\/hagenca.srvplus.net\/PDF\/CA\/SELLSHEETS\/Catit-PIXI-Smart-Feeder-Sales-Sheet-FR.pdf\" target=\"_blank\" rel=\"noopener\">cliquer ici<\/a>.<\/p>\n","protected":false},"excerpt":{"rendered":"<p>Le distributeur intelligent Catit PIXI procure aux chats des repas  [&#8230;]<\/p>\n","protected":false},"featured_media":13207,"template":"","meta":{"wds_primary_product_brand":0,"wds_primary_product_cat":0},"product_brand":[],"product_cat":[81,176],"product_tag":[],"class_list":{"0":"post-13206","1":"product","2":"type-product","3":"status-publish","4":"has-post-thumbnail","6":"product_cat-cats","7":"product_cat-fountain","9":"first","10":"instock","11":"shipping-taxable","12":"product-type-simple"},"_links":{"self":[{"href":"https:\/\/naturepet.com\/en\/wp-json\/wp\/v2\/product\/13206","targetHints":{"allow":["GET"]}}],"collection":[{"href":"https:\/\/naturepet.com\/en\/wp-json\/wp\/v2\/product"}],"about":[{"href":"https:\/\/naturepet.com\/en\/wp-json\/wp\/v2\/types\/product"}],"wp:featuredmedia":[{"embeddable":true,"href":"https:\/\/naturepet.com\/en\/wp-json\/wp\/v2\/media\/13207"}],"wp:attachment":[{"href":"https:\/\/naturepet.com\/en\/wp-json\/wp\/v2\/media?parent=13206"}],"wp:term":[{"taxonomy":"product_brand","embeddable":true,"href":"https:\/\/naturepet.com\/en\/wp-json\/wp\/v2\/product_brand?post=13206"},{"taxonomy":"product_cat","embeddable":true,"href":"https:\/\/naturepet.com\/en\/wp-json\/wp\/v2\/product_cat?post=13206"},{"taxonomy":"product_tag","embeddable":true,"href":"https:\/\/naturepet.com\/en\/wp-json\/wp\/v2\/product_tag?post=13206"}],"curies":[{"name":"wp","href":"https:\/\/api.w.org\/{rel}","templated":true}]}}