{"id":13066,"date":"2026-03-26T15:00:35","date_gmt":"2026-03-26T15:00:35","guid":{"rendered":"https:\/\/naturepet.com\/boutique\/uncategorized\/abreuvoir-fresh-clear-zeus-avec-bec-pour-jet-deau-15-l\/"},"modified":"2026-03-26T15:00:35","modified_gmt":"2026-03-26T15:00:35","slug":"abreuvoir-fresh-clear-zeus-avec-bec-pour-jet-deau-15-l","status":"publish","type":"product","link":"https:\/\/naturepet.com\/en\/boutique\/dogs\/fountain\/abreuvoir-fresh-clear-zeus-avec-bec-pour-jet-deau-15-l\/","title":{"rendered":"Abreuvoir Fresh &#038; Clear Zeus avec bec pour jet d\u2019eau, 1,5 L"},"content":{"rendered":"<p>L\u2019abreuvoir Fresh &amp; Clear Zeus avec bec pour jet d\u2019eau est accessible sur 360\u00b0 et offre trois r\u00e9glages de d\u00e9bit d\u2019eau pour que votre chien en profite au maximum\u00a0: un jet d\u2019eau, une cascade de bulles et un bassin. L\u2019abreuvoir est muni des nombreuses caract\u00e9ristiques exceptionnelles des abreuvoirs Fresh &amp; Clear, comme un r\u00e9servoir translucide, une surface sur\u00e9lev\u00e9e pour boire et une pompe \u00e0 basse tension.<\/p>\n<p><strong>Principales caract\u00e9ristiques :<\/strong><\/p>\n<ul>\n<li>Filtre \u00e0 triple action Zeus inclus<\/li>\n<li>R\u00e9servoir translucide<\/li>\n<li>Pompe silencieuse \u00e0 basse tension<\/li>\n<li>3 r\u00e9glages de d\u00e9bit d\u2019eau<\/li>\n<li>Le bec pour jet d\u2019eau est parfait pour les chiens qui aiment boire du robinet<\/li>\n<\/ul>\n<p><strong>Dimensions :<\/strong>\u00a021,5 x 21,5 x 20 cm (8,6 x 8,6 x 6,9 po)<\/p>\n<p><strong>Contenance :<\/strong>\u00a01,5 L (50,7 oz liq.)<\/p>\n","protected":false},"excerpt":{"rendered":"<p>L\u2019abreuvoir Fresh &amp; Clear Zeus avec bec pour jet d\u2019eau  [&#8230;]<\/p>\n","protected":false},"featured_media":13067,"template":"","meta":{"wds_primary_product_brand":0,"wds_primary_product_cat":0},"product_brand":[],"product_cat":[80,174],"product_tag":[],"class_list":{"0":"post-13066","1":"product","2":"type-product","3":"status-publish","4":"has-post-thumbnail","6":"product_cat-dogs","7":"product_cat-fountain","9":"first","10":"instock","11":"shipping-taxable","12":"product-type-simple"},"_links":{"self":[{"href":"https:\/\/naturepet.com\/en\/wp-json\/wp\/v2\/product\/13066","targetHints":{"allow":["GET"]}}],"collection":[{"href":"https:\/\/naturepet.com\/en\/wp-json\/wp\/v2\/product"}],"about":[{"href":"https:\/\/naturepet.com\/en\/wp-json\/wp\/v2\/types\/product"}],"wp:featuredmedia":[{"embeddable":true,"href":"https:\/\/naturepet.com\/en\/wp-json\/wp\/v2\/media\/13067"}],"wp:attachment":[{"href":"https:\/\/naturepet.com\/en\/wp-json\/wp\/v2\/media?parent=13066"}],"wp:term":[{"taxonomy":"product_brand","embeddable":true,"href":"https:\/\/naturepet.com\/en\/wp-json\/wp\/v2\/product_brand?post=13066"},{"taxonomy":"product_cat","embeddable":true,"href":"https:\/\/naturepet.com\/en\/wp-json\/wp\/v2\/product_cat?post=13066"},{"taxonomy":"product_tag","embeddable":true,"href":"https:\/\/naturepet.com\/en\/wp-json\/wp\/v2\/product_tag?post=13066"}],"curies":[{"name":"wp","href":"https:\/\/api.w.org\/{rel}","templated":true}]}}