{"id":12897,"date":"2026-03-25T14:02:58","date_gmt":"2026-03-25T14:02:58","guid":{"rendered":"https:\/\/naturepet.com\/boutique\/uncategorized\/os-noue-dogit-en-cuir-brut-114-cm-45-po-paquet-de-4\/"},"modified":"2026-03-25T14:03:58","modified_gmt":"2026-03-25T14:03:58","slug":"os-noue-dogit-en-cuir-brut-114-cm-45-po-paquet-de-4","status":"publish","type":"product","link":"https:\/\/naturepet.com\/en\/boutique\/dogs\/dog-food\/os-noue-dogit-en-cuir-brut-114-cm-45-po-paquet-de-4\/","title":{"rendered":"Os nou\u00e9 Dogit en cuir brut, 11,4 cm (4,5 po), paquet de 4"},"content":{"rendered":"<p>Les os nou\u00e9s Dogit en cuir brut 100% r\u00e9pondent au besoin incessant et n\u00e9cessaire de m\u00e2cher des chiens. Ceux-ci en tirent avantage, car en les m\u00e2chonnant, leurs gencives sont renforc\u00e9es, leurs dents nettoy\u00e9es et leur sant\u00e9 dentaire am\u00e9lior\u00e9e.<\/p>\n<p>Os nou\u00e9 Dogit en cuir brut 100%, 11,4 \u00a0cm (4,5 po), 4 unit\u00e9s.<\/p>\n<p><strong>Principales caract\u00e9ristiques<\/strong>\u00a0:<\/p>\n<ul>\n<li>Facilement digestible<\/li>\n<li>Riches en prot\u00e9ines<\/li>\n<li>Favorisent la sant\u00e9 dentaire<\/li>\n<li>Contribuent \u00e0 renforcer les dents et \u00e0 d\u00e9loger le tartre lorsque le chien m\u00e2chonne le r\u00e9gal<\/li>\n<li>Con\u00e7us pour nettoyer les dents des chiens et masser les gencives<\/li>\n<li>Parfaits pour les chiens de petit \u00e0 grand taille qui m\u00e2chonnent mod\u00e9r\u00e9ment<\/li>\n<li>R\u00e9gals de longue dur\u00e9e que votre chien aura bien du plaisir \u00e0 m\u00e2chonner<\/li>\n<li>Faibles en mati\u00e8res grasses, app\u00e9tissants et tr\u00e8s savoureux<\/li>\n<\/ul>\n","protected":false},"excerpt":{"rendered":"<p>Les os nou\u00e9s Dogit en cuir brut 100% r\u00e9pondent au  [&#8230;]<\/p>\n","protected":false},"featured_media":12898,"template":"","meta":{"wds_primary_product_brand":0,"wds_primary_product_cat":0},"product_brand":[],"product_cat":[164,80],"product_tag":[],"class_list":{"0":"post-12897","1":"product","2":"type-product","3":"status-publish","4":"has-post-thumbnail","6":"product_cat-dog-food","7":"product_cat-dogs","9":"first","10":"instock","11":"shipping-taxable","12":"product-type-simple"},"_links":{"self":[{"href":"https:\/\/naturepet.com\/en\/wp-json\/wp\/v2\/product\/12897","targetHints":{"allow":["GET"]}}],"collection":[{"href":"https:\/\/naturepet.com\/en\/wp-json\/wp\/v2\/product"}],"about":[{"href":"https:\/\/naturepet.com\/en\/wp-json\/wp\/v2\/types\/product"}],"wp:featuredmedia":[{"embeddable":true,"href":"https:\/\/naturepet.com\/en\/wp-json\/wp\/v2\/media\/12898"}],"wp:attachment":[{"href":"https:\/\/naturepet.com\/en\/wp-json\/wp\/v2\/media?parent=12897"}],"wp:term":[{"taxonomy":"product_brand","embeddable":true,"href":"https:\/\/naturepet.com\/en\/wp-json\/wp\/v2\/product_brand?post=12897"},{"taxonomy":"product_cat","embeddable":true,"href":"https:\/\/naturepet.com\/en\/wp-json\/wp\/v2\/product_cat?post=12897"},{"taxonomy":"product_tag","embeddable":true,"href":"https:\/\/naturepet.com\/en\/wp-json\/wp\/v2\/product_tag?post=12897"}],"curies":[{"name":"wp","href":"https:\/\/api.w.org\/{rel}","templated":true}]}}