{"id":12784,"date":"2026-03-23T16:56:20","date_gmt":"2026-03-23T16:56:20","guid":{"rendered":"https:\/\/naturepet.com\/boutique\/uncategorized\/pate-nutrience-subzero-pour-chats-pacifique-canadien-156-g\/"},"modified":"2026-03-23T16:59:52","modified_gmt":"2026-03-23T16:59:52","slug":"pate-nutrience-subzero-pour-chats-pacifique-canadien-156-g","status":"publish","type":"product","link":"https:\/\/naturepet.com\/en\/boutique\/cats\/cat-food\/pate-nutrience-subzero-pour-chats-pacifique-canadien-156-g\/","title":{"rendered":"Nutrience SubZero Cat Food &#8211; Canadian Pacific P\u00e2t\u00e9 &#8211; 156 g (5.5 oz)"},"content":{"rendered":"<p>Nutrience Grain Free SubZero wet food is a Canadian-made, delicate p\u00e2t\u00e9 of seasoned meat and fish with fresh harvest vegetables. Our wet food are also a tasty way to provide essential hydration. Our Canadian Pacific formula is prepared with fresh, never frozen wild-caught fish and real fish for a superior flavor that even the finickiest cats will crave.<\/p>\n<p><strong>Key Features<\/strong>\u00a0:<\/p>\n<ul>\n<li>Made in Canada<\/li>\n<li>Grain-Free<\/li>\n<li>Delivered Fresh<\/li>\n<li>156 g (5.5 oz)<\/li>\n<\/ul>\n","protected":false},"excerpt":{"rendered":"<p>Nutrience Grain Free SubZero wet food is a Canadian-made, delicate  [&#8230;]<\/p>\n","protected":false},"featured_media":12785,"template":"","meta":{"wds_primary_product_brand":0,"wds_primary_product_cat":0},"product_brand":[],"product_cat":[166,81],"product_tag":[],"class_list":{"0":"post-12784","1":"product","2":"type-product","3":"status-publish","4":"has-post-thumbnail","6":"product_cat-cat-food","7":"product_cat-cats","9":"first","10":"instock","11":"shipping-taxable","12":"product-type-simple"},"_links":{"self":[{"href":"https:\/\/naturepet.com\/en\/wp-json\/wp\/v2\/product\/12784","targetHints":{"allow":["GET"]}}],"collection":[{"href":"https:\/\/naturepet.com\/en\/wp-json\/wp\/v2\/product"}],"about":[{"href":"https:\/\/naturepet.com\/en\/wp-json\/wp\/v2\/types\/product"}],"wp:featuredmedia":[{"embeddable":true,"href":"https:\/\/naturepet.com\/en\/wp-json\/wp\/v2\/media\/12785"}],"wp:attachment":[{"href":"https:\/\/naturepet.com\/en\/wp-json\/wp\/v2\/media?parent=12784"}],"wp:term":[{"taxonomy":"product_brand","embeddable":true,"href":"https:\/\/naturepet.com\/en\/wp-json\/wp\/v2\/product_brand?post=12784"},{"taxonomy":"product_cat","embeddable":true,"href":"https:\/\/naturepet.com\/en\/wp-json\/wp\/v2\/product_cat?post=12784"},{"taxonomy":"product_tag","embeddable":true,"href":"https:\/\/naturepet.com\/en\/wp-json\/wp\/v2\/product_tag?post=12784"}],"curies":[{"name":"wp","href":"https:\/\/api.w.org\/{rel}","templated":true}]}}