{"id":12776,"date":"2026-03-23T16:48:08","date_gmt":"2026-03-23T16:48:08","guid":{"rendered":"https:\/\/naturepet.com\/boutique\/uncategorized\/aliment-nutrience-sans-grains-pour-chats-adultes-pate-a-la-dinde-au-poulet-et-au-foie-156-g-55-oz\/"},"modified":"2026-03-23T16:49:17","modified_gmt":"2026-03-23T16:49:17","slug":"aliment-nutrience-sans-grains-pour-chats-adultes-pate-a-la-dinde-au-poulet-et-au-foie-156-g-55-oz","status":"publish","type":"product","link":"https:\/\/naturepet.com\/en\/boutique\/cats\/cat-food\/aliment-nutrience-sans-grains-pour-chats-adultes-pate-a-la-dinde-au-poulet-et-au-foie-156-g-55-oz\/","title":{"rendered":"Nutrience Grain Free Turkey, Chicken &#038; Liver P\u00e2t\u00e9 &#8211; 156 g (5.5 oz)"},"content":{"rendered":"<p>Nutrience Grain-Free wet food is a Canadian-made, delicate p\u00e2t\u00e9 of turkey, chicken and liver. Our wet foods are also a tasty way to provide essential hydration. Our Grain-Free formula offers all the same nutritious ingredients but without the grain.<\/p>\n<p>It&#8217;s a great substitute for cats with certain food sensitivities, and an excellent choice for cats with a particularly active lifestyle.\u00a0Our Grain-Free formulas are great for pet owners who simply prefer to feed their cat a grain free diet.<\/p>\n<p><b>Key Features<\/b>\u00a0:<\/p>\n<ul>\n<li>Made in Canada<\/li>\n<li>Grain-Free<\/li>\n<li>Great for cats with food sensitivities and cats with an active lifestyle<\/li>\n<li>156 g (5.5 oz)<\/li>\n<\/ul>\n","protected":false},"excerpt":{"rendered":"<p>Nutrience Grain-Free wet food is a Canadian-made, delicate p\u00e2t\u00e9 of  [&#8230;]<\/p>\n","protected":false},"featured_media":12777,"template":"","meta":{"wds_primary_product_brand":0,"wds_primary_product_cat":0},"product_brand":[],"product_cat":[166,81],"product_tag":[],"class_list":{"0":"post-12776","1":"product","2":"type-product","3":"status-publish","4":"has-post-thumbnail","6":"product_cat-cat-food","7":"product_cat-cats","9":"first","10":"instock","11":"shipping-taxable","12":"product-type-simple"},"_links":{"self":[{"href":"https:\/\/naturepet.com\/en\/wp-json\/wp\/v2\/product\/12776","targetHints":{"allow":["GET"]}}],"collection":[{"href":"https:\/\/naturepet.com\/en\/wp-json\/wp\/v2\/product"}],"about":[{"href":"https:\/\/naturepet.com\/en\/wp-json\/wp\/v2\/types\/product"}],"wp:featuredmedia":[{"embeddable":true,"href":"https:\/\/naturepet.com\/en\/wp-json\/wp\/v2\/media\/12777"}],"wp:attachment":[{"href":"https:\/\/naturepet.com\/en\/wp-json\/wp\/v2\/media?parent=12776"}],"wp:term":[{"taxonomy":"product_brand","embeddable":true,"href":"https:\/\/naturepet.com\/en\/wp-json\/wp\/v2\/product_brand?post=12776"},{"taxonomy":"product_cat","embeddable":true,"href":"https:\/\/naturepet.com\/en\/wp-json\/wp\/v2\/product_cat?post=12776"},{"taxonomy":"product_tag","embeddable":true,"href":"https:\/\/naturepet.com\/en\/wp-json\/wp\/v2\/product_tag?post=12776"}],"curies":[{"name":"wp","href":"https:\/\/api.w.org\/{rel}","templated":true}]}}