{"id":12764,"date":"2026-03-23T16:34:25","date_gmt":"2026-03-23T16:34:25","guid":{"rendered":"https:\/\/naturepet.com\/boutique\/uncategorized\/pate-nutrience-infusion-poisson-oceanique-156-g-55-oz\/"},"modified":"2026-03-23T16:35:32","modified_gmt":"2026-03-23T16:35:32","slug":"pate-nutrience-infusion-poisson-oceanique-156-g-55-oz","status":"publish","type":"product","link":"https:\/\/naturepet.com\/en\/boutique\/cats\/cat-food\/pate-nutrience-infusion-poisson-oceanique-156-g-55-oz\/","title":{"rendered":"Nutrience Infusion P\u00e2t\u00e9 with Ocean Fish &#8211; 156 g (5.5 oz)"},"content":{"rendered":"<p>Introducing a delicious p\u00e2t\u00e9\u00a0for cats that&#8217;s inspired by our Nutrience Infusion dry food formulas. Made in Canada, our Infusion formula is made with ocean fish and is prepared with fresh, never frozen protein sources and contains nutrient-rich vegetables, fruits and botanicals.<\/p>\n<p>Furthermore, with added coconut oil and marine-sourced Omega-3 helps maintain a healthy skin and coat. Nutrience Infusion p\u00e2t\u00e9\u00a0is infused with freeze-dried liver for superior flavour that even the finickiest cats will crave.<\/p>\n<p><b>Key Features<\/b>\u00a0:<\/p>\n<ul>\n<li>Made in Canada<\/li>\n<li>With Ocean fish<\/li>\n<li>Prepared with fresh, never frozen protein sources<\/li>\n<li>Coconut oil and marine-sourced Omega-3 for a healthy skin and coat<\/li>\n<li>Nutrient-rich vegetable, fruits and botanicals<\/li>\n<li>156 g (5.5 oz)<\/li>\n<\/ul>\n","protected":false},"excerpt":{"rendered":"<p>Introducing a delicious p\u00e2t\u00e9\u00a0for cats that&#8217;s inspired by our Nutrience  [&#8230;]<\/p>\n","protected":false},"featured_media":12765,"template":"","meta":{"wds_primary_product_brand":0,"wds_primary_product_cat":0},"product_brand":[],"product_cat":[166,81],"product_tag":[],"class_list":{"0":"post-12764","1":"product","2":"type-product","3":"status-publish","4":"has-post-thumbnail","6":"product_cat-cat-food","7":"product_cat-cats","9":"first","10":"instock","11":"shipping-taxable","12":"product-type-simple"},"_links":{"self":[{"href":"https:\/\/naturepet.com\/en\/wp-json\/wp\/v2\/product\/12764","targetHints":{"allow":["GET"]}}],"collection":[{"href":"https:\/\/naturepet.com\/en\/wp-json\/wp\/v2\/product"}],"about":[{"href":"https:\/\/naturepet.com\/en\/wp-json\/wp\/v2\/types\/product"}],"wp:featuredmedia":[{"embeddable":true,"href":"https:\/\/naturepet.com\/en\/wp-json\/wp\/v2\/media\/12765"}],"wp:attachment":[{"href":"https:\/\/naturepet.com\/en\/wp-json\/wp\/v2\/media?parent=12764"}],"wp:term":[{"taxonomy":"product_brand","embeddable":true,"href":"https:\/\/naturepet.com\/en\/wp-json\/wp\/v2\/product_brand?post=12764"},{"taxonomy":"product_cat","embeddable":true,"href":"https:\/\/naturepet.com\/en\/wp-json\/wp\/v2\/product_cat?post=12764"},{"taxonomy":"product_tag","embeddable":true,"href":"https:\/\/naturepet.com\/en\/wp-json\/wp\/v2\/product_tag?post=12764"}],"curies":[{"name":"wp","href":"https:\/\/api.w.org\/{rel}","templated":true}]}}