{"id":12648,"date":"2026-03-20T18:48:17","date_gmt":"2026-03-20T18:48:17","guid":{"rendered":"https:\/\/naturepet.com\/boutique\/uncategorized\/pate-nutrience-subzero-pour-chiens-pacifique-canadien-369-g\/"},"modified":"2026-03-20T18:50:33","modified_gmt":"2026-03-20T18:50:33","slug":"pate-nutrience-subzero-pour-chiens-pacifique-canadien-369-g","status":"publish","type":"product","link":"https:\/\/naturepet.com\/en\/boutique\/dogs\/dog-food\/pate-nutrience-subzero-pour-chiens-pacifique-canadien-369-g\/","title":{"rendered":"Nutrience SubZero Dog Food &#8211; Canadian Pacific P\u00e2t\u00e9 &#8211; 369 g (13 oz)"},"content":{"rendered":"<p>Nutrience SubZero Canadian Pacific grain-free p\u00e2t\u00e9 for dogs is made in Canada with fresh cod, haddock, hake and swordfish. This p\u00e2t\u00e9 is the perfect pairing to our SubZero Canadian Pacifc dry food.<\/p>\n<p>Combining canned food and kibbles increases palatability, helps keep pets hydrated, and is an easy way to introduce variety in your dog\u2019s everyday diet.<\/p>\n<p><strong>Key Features:<\/strong><\/p>\n<ul>\n<li>Locally Produced<\/li>\n<li>Made with cod, hake, haddock &amp; swordfish<\/li>\n<li>Extra hydration and flavour<\/li>\n<li>Fortified with prebiotics, probiotics &amp; omegas<\/li>\n<li>Fortified with vitamins and minerals<\/li>\n<\/ul>\n","protected":false},"excerpt":{"rendered":"<p>Nutrience SubZero Canadian Pacific grain-free p\u00e2t\u00e9 for dogs is made  [&#8230;]<\/p>\n","protected":false},"featured_media":12649,"template":"","meta":{"wds_primary_product_brand":0,"wds_primary_product_cat":0},"product_brand":[],"product_cat":[164,80],"product_tag":[],"class_list":{"0":"post-12648","1":"product","2":"type-product","3":"status-publish","4":"has-post-thumbnail","6":"product_cat-dog-food","7":"product_cat-dogs","9":"first","10":"instock","11":"shipping-taxable","12":"product-type-simple"},"_links":{"self":[{"href":"https:\/\/naturepet.com\/en\/wp-json\/wp\/v2\/product\/12648","targetHints":{"allow":["GET"]}}],"collection":[{"href":"https:\/\/naturepet.com\/en\/wp-json\/wp\/v2\/product"}],"about":[{"href":"https:\/\/naturepet.com\/en\/wp-json\/wp\/v2\/types\/product"}],"wp:featuredmedia":[{"embeddable":true,"href":"https:\/\/naturepet.com\/en\/wp-json\/wp\/v2\/media\/12649"}],"wp:attachment":[{"href":"https:\/\/naturepet.com\/en\/wp-json\/wp\/v2\/media?parent=12648"}],"wp:term":[{"taxonomy":"product_brand","embeddable":true,"href":"https:\/\/naturepet.com\/en\/wp-json\/wp\/v2\/product_brand?post=12648"},{"taxonomy":"product_cat","embeddable":true,"href":"https:\/\/naturepet.com\/en\/wp-json\/wp\/v2\/product_cat?post=12648"},{"taxonomy":"product_tag","embeddable":true,"href":"https:\/\/naturepet.com\/en\/wp-json\/wp\/v2\/product_tag?post=12648"}],"curies":[{"name":"wp","href":"https:\/\/api.w.org\/{rel}","templated":true}]}}