{"id":12635,"date":"2026-03-20T16:30:22","date_gmt":"2026-03-20T16:30:22","guid":{"rendered":"https:\/\/naturepet.com\/boutique\/uncategorized\/pate-nutrience-subzero-pour-chiots-vallee-du-fraser-369-g\/"},"modified":"2026-03-20T16:33:09","modified_gmt":"2026-03-20T16:33:09","slug":"pate-nutrience-subzero-pour-chiots-vallee-du-fraser-369-g","status":"publish","type":"product","link":"https:\/\/naturepet.com\/en\/boutique\/dogs\/dog-food\/pate-nutrience-subzero-pour-chiots-vallee-du-fraser-369-g\/","title":{"rendered":"Nutrience SubZero Puppy Food &#8211; Fraser Valley P\u00e2t\u00e9 &#8211; 369 g (13 oz)"},"content":{"rendered":"<div id=\"ProdMDesc\" class=\"SpecDivOn\">\n<div id=\"ProdMDesc\" class=\"SpecDivOn\">\n<div id=\"ProdMDesc\" class=\"SpecDivOn\">\n<p>Nutrience SubZero Fraser Valley grain-free p\u00e2t\u00e9 for puppies is made in Canada with fresh Canadian ingredients including fresh chicken, liver and salmon. This p\u00e2t\u00e9 is the perfect pairing to our SubZero Fraser Valley dry food for puppies. Combining canned food and kibble increases palatability, helps keep puppies hydrated and is an easy way to introduce variety in your puppy\u2019s everyday diet.<\/p>\n<p><strong>Key Features:<\/strong><\/p>\n<ul>\n<li>Locally Produced<\/li>\n<li>Made with chicken, pork liver &amp; salmon<\/li>\n<li>Extra hydration and flavour<\/li>\n<li>Fortified with prebiotics, probiotics &amp; omegas<\/li>\n<li>Fortified with vitamins and minerals<\/li>\n<\/ul>\n<\/div>\n<\/div>\n<\/div>\n","protected":false},"excerpt":{"rendered":"<p>Nutrience SubZero Fraser Valley grain-free p\u00e2t\u00e9 for puppies is made  [&#8230;]<\/p>\n","protected":false},"featured_media":12636,"template":"","meta":{"wds_primary_product_brand":0,"wds_primary_product_cat":0},"product_brand":[],"product_cat":[164,80],"product_tag":[],"class_list":{"0":"post-12635","1":"product","2":"type-product","3":"status-publish","4":"has-post-thumbnail","6":"product_cat-dog-food","7":"product_cat-dogs","9":"first","10":"instock","11":"shipping-taxable","12":"product-type-simple"},"_links":{"self":[{"href":"https:\/\/naturepet.com\/en\/wp-json\/wp\/v2\/product\/12635","targetHints":{"allow":["GET"]}}],"collection":[{"href":"https:\/\/naturepet.com\/en\/wp-json\/wp\/v2\/product"}],"about":[{"href":"https:\/\/naturepet.com\/en\/wp-json\/wp\/v2\/types\/product"}],"wp:featuredmedia":[{"embeddable":true,"href":"https:\/\/naturepet.com\/en\/wp-json\/wp\/v2\/media\/12636"}],"wp:attachment":[{"href":"https:\/\/naturepet.com\/en\/wp-json\/wp\/v2\/media?parent=12635"}],"wp:term":[{"taxonomy":"product_brand","embeddable":true,"href":"https:\/\/naturepet.com\/en\/wp-json\/wp\/v2\/product_brand?post=12635"},{"taxonomy":"product_cat","embeddable":true,"href":"https:\/\/naturepet.com\/en\/wp-json\/wp\/v2\/product_cat?post=12635"},{"taxonomy":"product_tag","embeddable":true,"href":"https:\/\/naturepet.com\/en\/wp-json\/wp\/v2\/product_tag?post=12635"}],"curies":[{"name":"wp","href":"https:\/\/api.w.org\/{rel}","templated":true}]}}