{"id":12605,"date":"2026-03-20T15:23:39","date_gmt":"2026-03-20T15:23:39","guid":{"rendered":"https:\/\/naturepet.com\/boutique\/uncategorized\/aliment-nutrience-sans-grains-pour-chiens-pate-a-la-dinde-au-poulet-et-au-foie-369-g-13-oz\/"},"modified":"2026-03-20T15:24:46","modified_gmt":"2026-03-20T15:24:46","slug":"aliment-nutrience-sans-grains-pour-chiens-pate-a-la-dinde-au-poulet-et-au-foie-369-g-13-oz","status":"publish","type":"product","link":"https:\/\/naturepet.com\/en\/boutique\/dogs\/dog-food\/aliment-nutrience-sans-grains-pour-chiens-pate-a-la-dinde-au-poulet-et-au-foie-369-g-13-oz\/","title":{"rendered":"Nutrience Grain Free Turkey, Chicken &#038; Liver P\u00e2t\u00e9 &#8211; 369 g (13 oz)"},"content":{"rendered":"<p>Nutrience Grain-Free wet food is a Canadian-made, delicate p\u00e2t\u00e9\u00a0of turkey, chicken and liver. Our wet foods are also a tasty way to provide essential hydration. Our Grain-Free formula offers all the same nutritious ingredients but without the grain.<\/p>\n<p>In addition, it&#8217;s a great substitute for dog with certain food sensitivities, and an excellent choice for dogs with a particularly active lifestyle.\u00a0Our Grain-Free formulas are great for pet owners who simply prefer to feed their dog a grain free diet.<\/p>\n<p><b>Key Features<\/b>\u00a0:<\/p>\n<ul>\n<li>Made in Canada<\/li>\n<li>Grain-Free<\/li>\n<li>For dogs with food sensitivities, or dogs with an active lifestyle<\/li>\n<li>369 g (13 oz)<\/li>\n<\/ul>\n","protected":false},"excerpt":{"rendered":"<p>Nutrience Grain-Free wet food is a Canadian-made, delicate p\u00e2t\u00e9\u00a0of turkey,  [&#8230;]<\/p>\n","protected":false},"featured_media":12606,"template":"","meta":{"wds_primary_product_brand":0,"wds_primary_product_cat":0},"product_brand":[],"product_cat":[164,80],"product_tag":[],"class_list":{"0":"post-12605","1":"product","2":"type-product","3":"status-publish","4":"has-post-thumbnail","6":"product_cat-dog-food","7":"product_cat-dogs","9":"first","10":"instock","11":"shipping-taxable","12":"product-type-simple"},"_links":{"self":[{"href":"https:\/\/naturepet.com\/en\/wp-json\/wp\/v2\/product\/12605","targetHints":{"allow":["GET"]}}],"collection":[{"href":"https:\/\/naturepet.com\/en\/wp-json\/wp\/v2\/product"}],"about":[{"href":"https:\/\/naturepet.com\/en\/wp-json\/wp\/v2\/types\/product"}],"wp:featuredmedia":[{"embeddable":true,"href":"https:\/\/naturepet.com\/en\/wp-json\/wp\/v2\/media\/12606"}],"wp:attachment":[{"href":"https:\/\/naturepet.com\/en\/wp-json\/wp\/v2\/media?parent=12605"}],"wp:term":[{"taxonomy":"product_brand","embeddable":true,"href":"https:\/\/naturepet.com\/en\/wp-json\/wp\/v2\/product_brand?post=12605"},{"taxonomy":"product_cat","embeddable":true,"href":"https:\/\/naturepet.com\/en\/wp-json\/wp\/v2\/product_cat?post=12605"},{"taxonomy":"product_tag","embeddable":true,"href":"https:\/\/naturepet.com\/en\/wp-json\/wp\/v2\/product_tag?post=12605"}],"curies":[{"name":"wp","href":"https:\/\/api.w.org\/{rel}","templated":true}]}}