{"id":12556,"date":"2026-03-20T13:55:35","date_gmt":"2026-03-20T13:55:35","guid":{"rendered":"https:\/\/naturepet.com\/boutique\/uncategorized\/nourriture-nutrience-trattoria-pour-chiens-ragout-de-bison-190-g\/"},"modified":"2026-03-20T13:55:35","modified_gmt":"2026-03-20T13:55:35","slug":"nourriture-nutrience-trattoria-pour-chiens-ragout-de-bison-190-g","status":"publish","type":"product","link":"https:\/\/naturepet.com\/en\/boutique\/dogs\/dog-food\/nourriture-nutrience-trattoria-pour-chiens-ragout-de-bison-190-g\/","title":{"rendered":"Nourriture Nutrience Trattoria pour chiens, Rago\u00fbt de bison, 190 g"},"content":{"rendered":"<p>Rendez l\u2019heure du repas digne d\u2019un authentique repas italien avec la garniture gastronomique Nutrience Trattoria pour chiens, Rago\u00fbt de bison. Fabriqu\u00e9e en Italie avec des ingr\u00e9dients frais de sources locales, chaque recette est con\u00e7ue avec amour et tradition, et sans agents de conservation, ni colorants ou ar\u00f4mes artificiels, seulement 100 % d\u2019excellence italienne. Faite d\u2019ingr\u00e9dients v\u00e9ritables et sains tels que bison, carotte, courgette, pommes de terre et eau, rien de plus, cette garniture \u00e0 prot\u00e9ine unique est parfaite pour les chiens ayant des sensibilit\u00e9s alimentaires. M\u00e9langez simplement la garniture aux croquettes pour rehausser l\u2019hydratation et la saveur, ou servez-la sur un tapis \u00e0 l\u00e9cher pour une g\u00e2terie amusante et stimulante. Faites l\u2019exp\u00e9rience du vrai go\u00fbt de l\u2019Italie dans chaque bouch\u00e9e en r\u00e9galant votre chien de la garniture Nutrience Trattoria, Rago\u00fbt de bison et en le laissant savourer chaque ar\u00f4me de l\u2019amore!<\/p>\n<p><strong>Principales caract\u00e9ristiques :<\/strong><\/p>\n<ul>\n<li>Garniture pour chiens; offrir comme garniture ou g\u00e2terie<\/li>\n<li>Prot\u00e9ine unique<\/li>\n<li>Faite en Italie avec des ingr\u00e9dients de sources locales<\/li>\n<li>Sans agents de conservation<\/li>\n<li>Sans ar\u00f4mes ni colorants artificiels<\/li>\n<li>\u00c0 combiner aux croquettes pour varier l\u2019heure du repas et augmenter la consommation d\u2019eau de l\u2019animal<\/li>\n<\/ul>\n","protected":false},"excerpt":{"rendered":"<p>Rendez l\u2019heure du repas digne d\u2019un authentique repas italien avec  [&#8230;]<\/p>\n","protected":false},"featured_media":12557,"template":"","meta":{"wds_primary_product_brand":0,"wds_primary_product_cat":0},"product_brand":[],"product_cat":[164,80],"product_tag":[],"class_list":{"0":"post-12556","1":"product","2":"type-product","3":"status-publish","4":"has-post-thumbnail","6":"product_cat-dog-food","7":"product_cat-dogs","9":"first","10":"instock","11":"shipping-taxable","12":"product-type-simple"},"_links":{"self":[{"href":"https:\/\/naturepet.com\/en\/wp-json\/wp\/v2\/product\/12556","targetHints":{"allow":["GET"]}}],"collection":[{"href":"https:\/\/naturepet.com\/en\/wp-json\/wp\/v2\/product"}],"about":[{"href":"https:\/\/naturepet.com\/en\/wp-json\/wp\/v2\/types\/product"}],"wp:featuredmedia":[{"embeddable":true,"href":"https:\/\/naturepet.com\/en\/wp-json\/wp\/v2\/media\/12557"}],"wp:attachment":[{"href":"https:\/\/naturepet.com\/en\/wp-json\/wp\/v2\/media?parent=12556"}],"wp:term":[{"taxonomy":"product_brand","embeddable":true,"href":"https:\/\/naturepet.com\/en\/wp-json\/wp\/v2\/product_brand?post=12556"},{"taxonomy":"product_cat","embeddable":true,"href":"https:\/\/naturepet.com\/en\/wp-json\/wp\/v2\/product_cat?post=12556"},{"taxonomy":"product_tag","embeddable":true,"href":"https:\/\/naturepet.com\/en\/wp-json\/wp\/v2\/product_tag?post=12556"}],"curies":[{"name":"wp","href":"https:\/\/api.w.org\/{rel}","templated":true}]}}