{"id":12517,"date":"2026-03-19T19:44:56","date_gmt":"2026-03-19T19:44:56","guid":{"rendered":"https:\/\/naturepet.com\/boutique\/uncategorized\/nourriture-nutrience-subzero-a-ingredients-limites-repas-dagneau-et-citrouille-10-kg\/"},"modified":"2026-03-19T19:44:56","modified_gmt":"2026-03-19T19:44:56","slug":"nourriture-nutrience-subzero-a-ingredients-limites-repas-dagneau-et-citrouille-10-kg","status":"publish","type":"product","link":"https:\/\/naturepet.com\/en\/boutique\/dogs\/dog-food\/nourriture-nutrience-subzero-a-ingredients-limites-repas-dagneau-et-citrouille-10-kg\/","title":{"rendered":"Nourriture Nutrience SubZero \u00e0 ingr\u00e9dients limit\u00e9s, Repas d\u2019agneau et citrouille, 10 kg"},"content":{"rendered":"<p>Faite \u00e0 partir d\u2019une seule source de prot\u00e9ines animales, la nourriture Nutrience SubZero \u00e0 ingr\u00e9dients limit\u00e9s est parfaite pour les chiens ayant des sensibilit\u00e9s alimentaires, qui sont capricieux ou qui aiment tout simplement profiter de choses&#8230; simples. Les aliments \u00e0 ingr\u00e9dients limit\u00e9s sont con\u00e7us pour simplifier l\u2019identification de la source de prot\u00e9ines dans la nourriture de votre animal de compagnie et pour r\u00e9duire les risques d\u2019allergies alimentaires.<\/p>\n<p>Fabriqu\u00e9es au Canada avec des ingr\u00e9dients canadiens frais, ces croquettes avec cru s\u00e9ch\u00e9 \u00e0 froid priorisent la qualit\u00e9, la saveur et la nutrition tout en comprenant un minimum d\u2019ingr\u00e9dients.<\/p>\n<p><strong>Principales caract\u00e9ristiques :<\/strong><\/p>\n<ul>\n<li>Id\u00e9ale pour les chiens ayant des sensibilit\u00e9s alimentaires<\/li>\n<li>Con\u00e7ue sans les allerg\u00e8nes courants<\/li>\n<li>Sans grains<\/li>\n<li>Source unique de prot\u00e9ines animales<\/li>\n<li>Faite au Canada avec de l\u2019agneau nourri \u00e0 l\u2019herbe et \u00e9lev\u00e9 sans cruaut\u00e9<\/li>\n<li>Croquettes riches en prot\u00e9ines avec cubes de CRU S\u00c9CH\u00c9 \u00c0 FROID pour une saveur rehauss\u00e9e et la sant\u00e9 globale<\/li>\n<li>Pr\u00e9biotiques et probiotiques pour soutenir la sant\u00e9 intestinale<\/li>\n<li>Acides gras om\u00e9ga-3 et om\u00e9ga-6 pour soutenir la sant\u00e9 de la peau et du pelage<\/li>\n<li>Vitamines et min\u00e9raux pour soutenir la sant\u00e9 immunitaire<\/li>\n<li>Taurine pour soutenir la sant\u00e9 du c\u0153ur et des yeux<\/li>\n<li>Nourriture compl\u00e8te pour chiens de tout \u00e2ge<\/li>\n<\/ul>\n<p><strong>Formats:\u00a0<\/strong><\/p>\n<p>D6703 &#8211; 1,8 kg (4 lb)<\/p>\n<p>D6704 &#8211; 10 kg (22 lb)<\/p>\n","protected":false},"excerpt":{"rendered":"<p>Faite \u00e0 partir d\u2019une seule source de prot\u00e9ines animales, la  [&#8230;]<\/p>\n","protected":false},"featured_media":12519,"template":"","meta":{"wds_primary_product_brand":0,"wds_primary_product_cat":0},"product_brand":[],"product_cat":[164,80],"product_tag":[],"class_list":{"0":"post-12517","1":"product","2":"type-product","3":"status-publish","4":"has-post-thumbnail","6":"product_cat-dog-food","7":"product_cat-dogs","9":"first","10":"instock","11":"shipping-taxable","12":"product-type-simple"},"_links":{"self":[{"href":"https:\/\/naturepet.com\/en\/wp-json\/wp\/v2\/product\/12517","targetHints":{"allow":["GET"]}}],"collection":[{"href":"https:\/\/naturepet.com\/en\/wp-json\/wp\/v2\/product"}],"about":[{"href":"https:\/\/naturepet.com\/en\/wp-json\/wp\/v2\/types\/product"}],"wp:featuredmedia":[{"embeddable":true,"href":"https:\/\/naturepet.com\/en\/wp-json\/wp\/v2\/media\/12519"}],"wp:attachment":[{"href":"https:\/\/naturepet.com\/en\/wp-json\/wp\/v2\/media?parent=12517"}],"wp:term":[{"taxonomy":"product_brand","embeddable":true,"href":"https:\/\/naturepet.com\/en\/wp-json\/wp\/v2\/product_brand?post=12517"},{"taxonomy":"product_cat","embeddable":true,"href":"https:\/\/naturepet.com\/en\/wp-json\/wp\/v2\/product_cat?post=12517"},{"taxonomy":"product_tag","embeddable":true,"href":"https:\/\/naturepet.com\/en\/wp-json\/wp\/v2\/product_tag?post=12517"}],"curies":[{"name":"wp","href":"https:\/\/api.w.org\/{rel}","templated":true}]}}