{"id":12467,"date":"2026-03-19T16:17:40","date_gmt":"2026-03-19T16:17:40","guid":{"rendered":"https:\/\/naturepet.com\/boutique\/uncategorized\/aliment-nutrience-sans-grains-pour-chiens-poisson-oceanique-10-kg-22-lbs\/"},"modified":"2026-03-19T16:17:40","modified_gmt":"2026-03-19T16:17:40","slug":"aliment-nutrience-sans-grains-pour-chiens-poisson-oceanique-10-kg-22-lbs","status":"publish","type":"product","link":"https:\/\/naturepet.com\/en\/boutique\/dogs\/dog-food\/aliment-nutrience-sans-grains-pour-chiens-poisson-oceanique-10-kg-22-lbs\/","title":{"rendered":"Aliment Nutrience Sans grains pour chiens, Poisson oc\u00e9anique, 10 kg (22 lbs)"},"content":{"rendered":"<div id=\"ProdMDesc\" class=\"SpecDivOn\">\n<p>Fabriqu\u00e9s au Canada et inspir\u00e9s du r\u00e9gime alimentaire ancestral des carnivores, les aliments Nutrience Sans grains renferment des prot\u00e9ines fra\u00eeches, jamais congel\u00e9es. De nombreuses sources de viande et de poisson sauvage du Pacifique sont combin\u00e9es \u00e0 de bons gras, \u00e0 des fruits et l\u00e9gumes, et \u00e0 des esp\u00e8ces herbac\u00e9es.<\/p>\n<p>De m\u00eame, des patates douces et des lentilles* \u00e0 faible indice glyc\u00e9mique remplacent les grains. Ces aliments constituent un bon choix pour les animaux qui ont certaines sensibilit\u00e9s alimentaires.<\/p>\n<p>Ces aliments constituent un excellent choix pour les chiens particuli\u00e8rement actifs et un choix tout simplement excellent pour les propri\u00e9taires d&#8217;animaux qui pr\u00e9f\u00e8rent exclure tout grain de l&#8217;alimentation de ceux-ci.<\/p>\n<p><strong>Principales caract\u00e9ristiques\u00a0<\/strong>:<\/p>\n<ul>\n<li>Prot\u00e9ines de divers poissons : Renfermant divers poissons d&#8217;eaux froides, dont du saumon, du hareng, de la merluche, de la plie rouge, de la morue et de la plie sauvages du Pacifique, cet aliment procure \u00e0 votre chien toutes les prot\u00e9ines et tous les acides amin\u00e9s essentiels \u00e0 sa sant\u00e9, \u00e0 son bien-\u00eatre et \u00e0 sa croissance. De plus, l&#8217;aliment Sans grains ne contient ni oeufs ni prot\u00e9ines provenant d&#8217;animaux d&#8217;\u00e9levage terrestre.<\/li>\n<li>Fruits, l\u00e9gumes et esp\u00e8ces herbac\u00e9es : Citrouille, courge musqu\u00e9e, carottes, \u00e9pinards, brocoli, pommes, bleuets, canneberges, grenades, extrait de baies de gen\u00e9vrier, gingembre, fenouil, camomille, feuille de menthe poivr\u00e9e, racine de r\u00e9glisse et curcuma font partie de notre m\u00e9lange s\u00e9lectif de produits v\u00e9g\u00e9taux naturellement riches en antioxydants et en phytonutriments.<\/li>\n<li>Huile de noix de coco et om\u00e9ga-3 provenant de la mer : En plus de constituer une riche source d&#8217;\u00e9nergie, l&#8217;huile de noix de coco (un triglyc\u00e9ride \u00e0 cha\u00eene moyenne) est pris\u00e9e pour ses propri\u00e9t\u00e9s nutritives. Par ailleurs, l&#8217;huile de saumon, source principale d&#8217;om\u00e9ga-3 dans nos aliments, contribue \u00e0 la peau et au pelage sains de votre chien.<\/li>\n<li>Suppl\u00e9ments alimentaires : Contenant une combinaison efficace de pr\u00e9biotiques et de probiotiques, cet aliment favorise une meilleure absorption des nutriments et aide \u00e0 maintenir le tractus digestif des chiens en sant\u00e9. De plus, les suppl\u00e9ments de glucosamine et de chondro\u00eftine inclus contribuent \u00e0 la sant\u00e9 des hanches et des articulations.<\/li>\n<\/ul>\n<p>&nbsp;<\/p>\n<\/div>\n<div><\/div>\n<div><\/div>\n","protected":false},"excerpt":{"rendered":"<p>Fabriqu\u00e9s au Canada et inspir\u00e9s du r\u00e9gime alimentaire ancestral des  [&#8230;]<\/p>\n","protected":false},"featured_media":0,"template":"","meta":{"wds_primary_product_brand":0,"wds_primary_product_cat":0},"product_brand":[],"product_cat":[164,80],"product_tag":[],"class_list":{"0":"post-12467","1":"product","2":"type-product","3":"status-publish","5":"product_cat-dog-food","6":"product_cat-dogs","8":"first","9":"instock","10":"shipping-taxable","11":"product-type-simple"},"_links":{"self":[{"href":"https:\/\/naturepet.com\/en\/wp-json\/wp\/v2\/product\/12467","targetHints":{"allow":["GET"]}}],"collection":[{"href":"https:\/\/naturepet.com\/en\/wp-json\/wp\/v2\/product"}],"about":[{"href":"https:\/\/naturepet.com\/en\/wp-json\/wp\/v2\/types\/product"}],"wp:attachment":[{"href":"https:\/\/naturepet.com\/en\/wp-json\/wp\/v2\/media?parent=12467"}],"wp:term":[{"taxonomy":"product_brand","embeddable":true,"href":"https:\/\/naturepet.com\/en\/wp-json\/wp\/v2\/product_brand?post=12467"},{"taxonomy":"product_cat","embeddable":true,"href":"https:\/\/naturepet.com\/en\/wp-json\/wp\/v2\/product_cat?post=12467"},{"taxonomy":"product_tag","embeddable":true,"href":"https:\/\/naturepet.com\/en\/wp-json\/wp\/v2\/product_tag?post=12467"}],"curies":[{"name":"wp","href":"https:\/\/api.w.org\/{rel}","templated":true}]}}