{"id":12455,"date":"2026-03-19T15:47:44","date_gmt":"2026-03-19T15:47:44","guid":{"rendered":"https:\/\/naturepet.com\/?post_type=product&#038;p=12455"},"modified":"2026-03-19T15:47:44","modified_gmt":"2026-03-19T15:47:44","slug":"aliment-nutrience-infusion-pour-chiens-adultes-en-sante-boeuf-10-kg-22-lbs","status":"publish","type":"product","link":"https:\/\/naturepet.com\/en\/boutique\/uncategorized\/aliment-nutrience-infusion-pour-chiens-adultes-en-sante-boeuf-10-kg-22-lbs\/","title":{"rendered":"Aliment Nutrience Infusion pour chiens adultes en sant\u00e9, B\u0153uf, 10 kg (22 lbs)"},"content":{"rendered":"<p>Les aliments Nutrience Infusion sont fabriqu\u00e9s au Canada et combinent du b\u0153uf frais jamais congel\u00e9, des grains entiers \u00e0 faible indice glyc\u00e9mique, ainsi que des fruits, des l\u00e9gumes et des esp\u00e8ces herbac\u00e9es riches en nutriments. Les croquettes \u00e0 haute teneur en prot\u00e9ines et enrichies de foie de b\u0153uf lyophilis\u00e9 offerent une saveur riche \u00e0 laquelle m\u00eame les plus fines gueules ne pourront r\u00e9sister.<\/p>\n<p><strong>Principales caract\u00e9ristiques :<\/strong><\/p>\n<ul>\n<li>B\u0153uf frais d\u00e9soss\u00e9 provenant des prairies canadiennes<\/li>\n<li>Croquettes enrichies de foie de b\u0153uf lyphilis\u00e9 pour obtenir une saveur riche<\/li>\n<li>Huile de saumon et huile de noix de coco contribuant au maintien d&#8217;une peau et d&#8217;un pelage sains<\/li>\n<li>Avoine \u00e9point\u00e9e et orge \u00e0 faible indice glyc\u00e9mique contribuant au maintein d&#8217;un poids sant\u00e9<\/li>\n<li>L\u00e9gumes, fruits et esp\u00e8ces herbac\u00e9es riches en nutriments<\/li>\n<li>Combinaison de pr\u00e9biotiques et de probiotiques favorisant un bon syst\u00e8me digestif<\/li>\n<li>Glucosamine et chondro\u00eftine contribuant \u00e0 la sant\u00e9 des hanches et des articulations<\/li>\n<\/ul>\n","protected":false},"excerpt":{"rendered":"<p>Les aliments Nutrience Infusion sont fabriqu\u00e9s au Canada et combinent  [&#8230;]<\/p>\n","protected":false},"featured_media":0,"template":"","meta":{"wds_primary_product_brand":0,"wds_primary_product_cat":0},"product_brand":[],"product_cat":[],"product_tag":[],"class_list":{"0":"post-12455","1":"product","2":"type-product","3":"status-publish","6":"first","7":"instock","8":"shipping-taxable","9":"product-type-simple"},"_links":{"self":[{"href":"https:\/\/naturepet.com\/en\/wp-json\/wp\/v2\/product\/12455","targetHints":{"allow":["GET"]}}],"collection":[{"href":"https:\/\/naturepet.com\/en\/wp-json\/wp\/v2\/product"}],"about":[{"href":"https:\/\/naturepet.com\/en\/wp-json\/wp\/v2\/types\/product"}],"wp:attachment":[{"href":"https:\/\/naturepet.com\/en\/wp-json\/wp\/v2\/media?parent=12455"}],"wp:term":[{"taxonomy":"product_brand","embeddable":true,"href":"https:\/\/naturepet.com\/en\/wp-json\/wp\/v2\/product_brand?post=12455"},{"taxonomy":"product_cat","embeddable":true,"href":"https:\/\/naturepet.com\/en\/wp-json\/wp\/v2\/product_cat?post=12455"},{"taxonomy":"product_tag","embeddable":true,"href":"https:\/\/naturepet.com\/en\/wp-json\/wp\/v2\/product_tag?post=12455"}],"curies":[{"name":"wp","href":"https:\/\/api.w.org\/{rel}","templated":true}]}}