{"id":12399,"date":"2026-03-18T19:56:38","date_gmt":"2026-03-18T19:56:38","guid":{"rendered":"https:\/\/naturepet.com\/boutique\/uncategorized\/pompe-equipee-powerjet-2900-laguna-pour-cascade-et-fontaine-pour-bassin-jusqua-22-000-l-5-800-gal-us\/"},"modified":"2026-03-18T19:56:38","modified_gmt":"2026-03-18T19:56:38","slug":"pompe-equipee-powerjet-2900-laguna-pour-cascade-et-fontaine-pour-bassin-jusqua-22-000-l-5-800-gal-us","status":"publish","type":"product","link":"https:\/\/naturepet.com\/en\/boutique\/fish\/pump\/pompe-equipee-powerjet-2900-laguna-pour-cascade-et-fontaine-pour-bassin-jusqua-22-000-l-5-800-gal-us\/","title":{"rendered":"Pompe \u00e9quip\u00e9e PowerJet 2900 Laguna pour cascade et fontaine, pour bassin jusqu\u2019\u00e0 22 000 L (5 800 gal US)"},"content":{"rendered":"<p>La pompe \u00e9quip\u00e9e PowerJet 2900 Laguna de haut rendement pour cascade et fontaine contient tout ce qu\u2019il faut pour g\u00e9n\u00e9rer une puissante circulation d\u2019eau et cr\u00e9er de superbes d\u00e9cors aquatiques, y compris une puissante pompe \u00e0 eau PowerJet 2900, un tube de mont\u00e9e et deux jets de fontaine interchangeables.<br \/>\nLe fonctionnement de la pompe \u00e9quip\u00e9e PowerJet 2900 est assur\u00e9 par la nouvelle g\u00e9n\u00e9ration de la Smart Pump Technology (SPT) Laguna, une avanc\u00e9e technologique importante qui en am\u00e9liore le rendement, l\u2019efficacit\u00e9 \u00e9nerg\u00e9tique et la facilit\u00e9 d\u2019utilisation. La Smart Pump Technology est constitu\u00e9e d\u2019un syst\u00e8me interne d\u2019autor\u00e9gulation qui fait le suivi de la consommation \u00e9nerg\u00e9tique et hydraulique, ainsi que de la vitesse et de la force de rotation de l\u2019impulseur, pour s\u2019assurer que rendement et efficacit\u00e9 \u00e9nerg\u00e9tique vont de pair.<br \/>\nCette pompe est \u00e9quip\u00e9e d&#8217;un moteur \u00e0 entra\u00eenement magn\u00e9tique qui est sans \u00e9quivalent sur le march\u00e9 quant \u00e0 la puissance du d\u00e9bit d\u2019eau produit proportionnellement \u00e0 sa consommation d\u2019\u00e9nergie. Elle combine aussi parfaitement efficacit\u00e9 sup\u00e9rieure et faible co\u00fbt d\u2019utilisation en mati\u00e8re d\u2019\u00e9nergie.<br \/>\nLa pompe ne requiert aucune cartouche de mousse puisqu\u2019elle est log\u00e9e dans un bo\u00eetier qui la prot\u00e8ge de l\u2019infiltration des d\u00e9bris et des salet\u00e9s, ce qui l\u2019emp\u00eache de se bloquer.<br \/>\nGr\u00e2ce \u00e0 son design, il n\u2019est plus question de remplacer les cartouches filtrantes.\u00a0L\u2019assemblage de la pompe s\u2019effectue facilement en raison de l\u2019am\u00e9lioration apport\u00e9e au design du bo\u00eetier.\u00a0De plus, la pompe comporte des d\u00e9tails d\u2019une belle couleur jaune, ce qui am\u00e9liore son apparence.\u00a0Facile \u00e0 installer et \u00e0 utiliser, cette pompe est enti\u00e8rement submersible et con\u00e7ue pour fonctionner continuellement.<br \/>\nLa pompe PowerJet 2900 est fabriqu\u00e9e en Italie et comporte une garantie de 3 ans.<br \/>\nLa pompe \u00e9quip\u00e9e PowerJet 2900 pour cascade et fontaine comprend\u00a0:<\/p>\n<p>Une pompe PowerJet 2900<br \/>\nUn jet de fontaine \u00e0 3 niveaux et un jet cloche<br \/>\nUn tube de mont\u00e9e amovible qui peut aussi \u00eatre ajust\u00e9 \u00e0 l&#8217;horizontale<br \/>\nUn tube de mont\u00e9e pivotant qui permet de niveler la surface du jet de fontaine<br \/>\nDeux contr\u00f4les de d\u00e9bit s\u00e9par\u00e9s qui r\u00e8glent ind\u00e9pendamment le d\u00e9bit au jet de fontaine et \u00e0 la cascade<br \/>\nDes raccords autobloquants faciles \u00e0 utiliser qui permettent de fixer rapidement et facilement les tuyaux<br \/>\nUn bo\u00eetier de pompe qui peut facilement \u00eatre attach\u00e9 \u00e0 une surface fixe \u00e0 l\u2019aide des d\u00e9coupages en trous de serrure situ\u00e9s en dessous de la pompe<br \/>\nUne poign\u00e9e de pompe ergonomique qui facilite le transport de la pompe<br \/>\nUn bo\u00eetier \u00e9purateur \u00e0 grande surface qui assure le maximum de protection \u00e0 la pompe<\/p>\n<p>Volume max. du bassin\u00a0: 22\u00a0000\u00a0L (5\u00a0800\u00a0gal\u00a0US)<br \/>\nD\u00e9bit d\u2019eau maximum\u00a0: 11\u00a0000\u00a0L\/h (2\u00a0900\u00a0gal\u00a0US)<br \/>\nHauteur max. de la colonne\u00a0: 4,5\u00a0m (14\u00a0pi\u00a08\u00a0po)<br \/>\nAutres mod\u00e8les de pompes PowerJet Laguna\u00a0:<\/p>\n<p>PT8200 Pompe \u00e9quip\u00e9e PowerJet 600 Laguna pour cascade et fontaine<br \/>\nPT8204 Pompe \u00e9quip\u00e9e PowerJet 960 Laguna pour cascade et fontaine<br \/>\nPT8208 Pompe \u00e9quip\u00e9e PowerJet 1350 Laguna pour cascade et fontaine<br \/>\nPT8212 Pompe \u00e9quip\u00e9e PowerJet 2000 Laguna pour cascade et fontaine<br \/>\nPT8216 Pompe \u00e9quip\u00e9e PowerJet 2400 Laguna pour cascade et fontaine<\/p>\n","protected":false},"excerpt":{"rendered":"<p>La pompe \u00e9quip\u00e9e PowerJet 2900 Laguna de haut rendement pour  [&#8230;]<\/p>\n","protected":false},"featured_media":12400,"template":"","meta":{"wds_primary_product_brand":0,"wds_primary_product_cat":0},"product_brand":[],"product_cat":[92,162],"product_tag":[],"class_list":{"0":"post-12399","1":"product","2":"type-product","3":"status-publish","4":"has-post-thumbnail","6":"product_cat-fish","7":"product_cat-pump","9":"first","10":"instock","11":"shipping-taxable","12":"product-type-simple"},"_links":{"self":[{"href":"https:\/\/naturepet.com\/en\/wp-json\/wp\/v2\/product\/12399","targetHints":{"allow":["GET"]}}],"collection":[{"href":"https:\/\/naturepet.com\/en\/wp-json\/wp\/v2\/product"}],"about":[{"href":"https:\/\/naturepet.com\/en\/wp-json\/wp\/v2\/types\/product"}],"wp:featuredmedia":[{"embeddable":true,"href":"https:\/\/naturepet.com\/en\/wp-json\/wp\/v2\/media\/12400"}],"wp:attachment":[{"href":"https:\/\/naturepet.com\/en\/wp-json\/wp\/v2\/media?parent=12399"}],"wp:term":[{"taxonomy":"product_brand","embeddable":true,"href":"https:\/\/naturepet.com\/en\/wp-json\/wp\/v2\/product_brand?post=12399"},{"taxonomy":"product_cat","embeddable":true,"href":"https:\/\/naturepet.com\/en\/wp-json\/wp\/v2\/product_cat?post=12399"},{"taxonomy":"product_tag","embeddable":true,"href":"https:\/\/naturepet.com\/en\/wp-json\/wp\/v2\/product_tag?post=12399"}],"curies":[{"name":"wp","href":"https:\/\/api.w.org\/{rel}","templated":true}]}}