{"id":12030,"date":"2026-03-12T19:09:46","date_gmt":"2026-03-12T19:09:46","guid":{"rendered":"https:\/\/naturepet.com\/?post_type=product&#038;p=12030"},"modified":"2026-03-12T19:09:46","modified_gmt":"2026-03-12T19:09:46","slug":"systeme-programmable-de-brumisation-monsoon-solo-ii-exo-terra","status":"publish","type":"product","link":"https:\/\/naturepet.com\/en\/boutique\/uncategorized\/systeme-programmable-de-brumisation-monsoon-solo-ii-exo-terra\/","title":{"rendered":"Syst\u00e8me programmable de brumisation Monsoon SOLO II Exo Terra"},"content":{"rendered":"<p>Le syst\u00e8me programmable de brumisation Monsoon Solo II Exo Terra convient \u00e0 tous les types de terrariums et de serres. Il aide \u00e0 conserver une humidit\u00e9 optimale en produisant une fine brume \u00e0 intervalles programm\u00e9s, dont la dur\u00e9e et la fr\u00e9quence peuvent \u00eatre facilement r\u00e9gl\u00e9es selon le type de plantes ou d\u2019animaux gard\u00e9s. Une brumisation fr\u00e9quente aide \u00e0 stimuler la reproduction et est indispensable pour entretenir des plantes tropicales vivantes, telles que brom\u00e9lias, orchid\u00e9es, mousses, etc.<\/p>\n<p>Le syst\u00e8me peut \u00eatre programm\u00e9 pour produire une brume plusieurs fois par cycle de 24 heures, pendant des p\u00e9riodes passant de 2 secondes \u00e0 2 minutes. Le r\u00e9servoir volumineux de 1,5 L (0,40 gal US) permet un fonctionnement continu pendant plusieurs jours sans avoir \u00e0 le remplir de nouveau (id\u00e9al pour les vacances), et le remplissage est simple : nul besoin de d\u00e9sinstaller le syst\u00e8me au complet.<\/p>\n<p><b>Principales Caract\u00e9ristiques :<\/b><\/p>\n<p>\u2022 Syst\u00e8me programmable de brumisation pour terrariums et serres<\/p>\n<p>\u2022 Raccordement et installation faciles<\/p>\n<p>\u2022 Pompe hydraulique puissante avec pression de 2,5 bar (36,25 psi)<\/p>\n<p>\u2022 Becs pulv\u00e9risateurs flexibles (jusqu\u2019\u00e0 2) pouvant \u00eatre point\u00e9s dans toutes les directions<\/p>\n<p>\u2022 Tuyaux de poly\u00e9ther r\u00e9sistants \u00e0 la pression et raccords antifuites<\/p>\n<p>\u2022 R\u00e9servoir volumineux de 1,5 L (0,40 gal US)<\/p>\n<p>\u2022 Remplissage facile<\/p>\n","protected":false},"excerpt":{"rendered":"<p>Le syst\u00e8me programmable de brumisation Monsoon Solo II Exo Terra  [&#8230;]<\/p>\n","protected":false},"featured_media":12031,"template":"","meta":{"wds_primary_product_brand":0,"wds_primary_product_cat":0},"product_brand":[],"product_cat":[],"product_tag":[],"class_list":{"0":"post-12030","1":"product","2":"type-product","3":"status-publish","4":"has-post-thumbnail","7":"first","8":"instock","9":"shipping-taxable","10":"product-type-simple"},"_links":{"self":[{"href":"https:\/\/naturepet.com\/en\/wp-json\/wp\/v2\/product\/12030","targetHints":{"allow":["GET"]}}],"collection":[{"href":"https:\/\/naturepet.com\/en\/wp-json\/wp\/v2\/product"}],"about":[{"href":"https:\/\/naturepet.com\/en\/wp-json\/wp\/v2\/types\/product"}],"wp:featuredmedia":[{"embeddable":true,"href":"https:\/\/naturepet.com\/en\/wp-json\/wp\/v2\/media\/12031"}],"wp:attachment":[{"href":"https:\/\/naturepet.com\/en\/wp-json\/wp\/v2\/media?parent=12030"}],"wp:term":[{"taxonomy":"product_brand","embeddable":true,"href":"https:\/\/naturepet.com\/en\/wp-json\/wp\/v2\/product_brand?post=12030"},{"taxonomy":"product_cat","embeddable":true,"href":"https:\/\/naturepet.com\/en\/wp-json\/wp\/v2\/product_cat?post=12030"},{"taxonomy":"product_tag","embeddable":true,"href":"https:\/\/naturepet.com\/en\/wp-json\/wp\/v2\/product_tag?post=12030"}],"curies":[{"name":"wp","href":"https:\/\/api.w.org\/{rel}","templated":true}]}}