{"id":12027,"date":"2026-03-12T19:04:53","date_gmt":"2026-03-12T19:04:53","guid":{"rendered":"https:\/\/naturepet.com\/?post_type=product&#038;p=12027"},"modified":"2026-03-12T19:04:53","modified_gmt":"2026-03-12T19:04:53","slug":"systeme-programmable-de-brumisation-monsoon-nano-exo-terra","status":"publish","type":"product","link":"https:\/\/naturepet.com\/en\/boutique\/uncategorized\/systeme-programmable-de-brumisation-monsoon-nano-exo-terra\/","title":{"rendered":"Syst\u00e8me programmable de brumisation Monsoon NANO Exo Terra"},"content":{"rendered":"<p>Le syst\u00e8me programmable de brumisation Monsoon NANO Exo Terra convient \u00e0 tous les types de terrariums et de serres. Il est id\u00e9al pour fournir de l\u2019eau vaporis\u00e9e aux animaux rapidement. En effet, la tr\u00e8s fine brume g\u00e9n\u00e9r\u00e9e par les becs vaporisateurs multidirectionnels en laiton permet d\u2019am\u00e9liorer le taux d\u2019humidit\u00e9. De plus, la dur\u00e9e et la fr\u00e9quence peuvent \u00eatre r\u00e9gl\u00e9es facilement selon le type de plantes ou d\u2019animaux gard\u00e9s. Une brumisation fr\u00e9quente aide \u00e0 stimuler la reproduction et est indispensable pour entretenir des plantes tropicales vivantes, telles que brom\u00e9lias, orchid\u00e9es, mousses, etc.<\/p>\n<p>Le syst\u00e8me peut \u00eatre programm\u00e9 pour produire une brume plusieurs fois par cycle de 24 heures, pendant des p\u00e9riodes allant de 1 seconde jusqu\u2019\u00e0 9 minutes. Il peut \u00e9galement \u00eatre programm\u00e9 pour brumiser d\u2019une fois par jour jusqu\u2019\u00e0 une fois tous les 30 jours.<\/p>\n<p>Le syst\u00e8me programmable de brumisation Monsoon NANO peut \u00eatre utilis\u00e9 avec n\u2019importe quel r\u00e9servoir d\u2019eau; il est donc possible d\u2019ajuster ce dernier selon les besoins. S\u2019il y a peu d\u2019espace, un petit r\u00e9servoir peut \u00eatre utilis\u00e9; si des vacances sont planifi\u00e9es, utiliser un plus grand r\u00e9servoir permet d\u2019assurer un fonctionnement continu pendant plusieurs jours sans avoir besoin de le remplir.<\/p>\n<p>Le syst\u00e8me programmable de brumisation Monsoon NANO Exo Terra est \u00e9quip\u00e9 de deux becs pulv\u00e9risateurs en laiton faciles \u00e0 installer, mais peut contenir jusqu\u2019\u00e0 4 becs pulv\u00e9risateurs, le rendant id\u00e9al pour une utilisation avec un terrarium et jusqu\u2019\u00e0 deux terrariums. La brume produite par les becs pulv\u00e9risateurs en laiton sp\u00e9cialement con\u00e7us est extr\u00eamement fine, cr\u00e9ant un effet de brouillard dans le terrarium ou la serre.<\/p>\n<p><strong>Principales caract\u00e9ristiques :<\/strong><\/p>\n<ul>\n<li>Syst\u00e8me programmable de brumisation pour terrariums et serres<\/li>\n<li>Raccordement et installation faciles<\/li>\n<li>Pompe hydraulique puissante avec pression de 2 bar \/ 29 psi \/ 200 kPa<\/li>\n<li>Deux becs pulv\u00e9risateurs multidirectionnels en laiton pour une brume ultrafine<\/li>\n<li>Tuyaux de poly\u00e9ther r\u00e9sistants \u00e0 la pression<\/li>\n<li>Utilisation avec n\u2019importe quel r\u00e9servoir d\u2019eau<\/li>\n<\/ul>\n","protected":false},"excerpt":{"rendered":"<p>Le syst\u00e8me programmable de brumisation Monsoon NANO Exo Terra convient  [&#8230;]<\/p>\n","protected":false},"featured_media":12028,"template":"","meta":{"wds_primary_product_brand":0,"wds_primary_product_cat":0},"product_brand":[],"product_cat":[],"product_tag":[],"class_list":{"0":"post-12027","1":"product","2":"type-product","3":"status-publish","4":"has-post-thumbnail","7":"first","8":"instock","9":"shipping-taxable","10":"product-type-simple"},"_links":{"self":[{"href":"https:\/\/naturepet.com\/en\/wp-json\/wp\/v2\/product\/12027","targetHints":{"allow":["GET"]}}],"collection":[{"href":"https:\/\/naturepet.com\/en\/wp-json\/wp\/v2\/product"}],"about":[{"href":"https:\/\/naturepet.com\/en\/wp-json\/wp\/v2\/types\/product"}],"wp:featuredmedia":[{"embeddable":true,"href":"https:\/\/naturepet.com\/en\/wp-json\/wp\/v2\/media\/12028"}],"wp:attachment":[{"href":"https:\/\/naturepet.com\/en\/wp-json\/wp\/v2\/media?parent=12027"}],"wp:term":[{"taxonomy":"product_brand","embeddable":true,"href":"https:\/\/naturepet.com\/en\/wp-json\/wp\/v2\/product_brand?post=12027"},{"taxonomy":"product_cat","embeddable":true,"href":"https:\/\/naturepet.com\/en\/wp-json\/wp\/v2\/product_cat?post=12027"},{"taxonomy":"product_tag","embeddable":true,"href":"https:\/\/naturepet.com\/en\/wp-json\/wp\/v2\/product_tag?post=12027"}],"curies":[{"name":"wp","href":"https:\/\/api.w.org\/{rel}","templated":true}]}}