{"id":12022,"date":"2026-03-12T17:17:35","date_gmt":"2026-03-12T17:17:35","guid":{"rendered":"https:\/\/naturepet.com\/product\/grotte-exo-terra-pour-tortues\/"},"modified":"2026-03-12T17:21:02","modified_gmt":"2026-03-12T17:21:02","slug":"grotte-exo-terra-pour-tortues","status":"publish","type":"product","link":"https:\/\/naturepet.com\/en\/boutique\/uncategorized-en\/grotte-exo-terra-pour-tortues\/","title":{"rendered":"Grotte Exo Terra pour Tortues"},"content":{"rendered":"<p>La Grotte Exo Terra pour tortues terrestres a \u00e9t\u00e9 sp\u00e9cialement con\u00e7ue pour que celles-ci aient une grande surface pour se cacher.<br \/>\nL&#8217;ajout d&#8217;une cachette ad\u00e9quate \u00e0 un terrarium naturel est souvent oubli\u00e9. Sans un endroit s\u00fbr o\u00f9 se cacher et dormir, les tortues terrestres deviennent facilement stress\u00e9es, ce qui perturbe leurs activit\u00e9s et leur app\u00e9tit.<br \/>\nComme elle est tr\u00e8s grande et que son design de galets est r\u00e9aliste, cette grotte Exo Terra ressemble \u00e9norm\u00e9ment aux cachettes naturelles des tortues terrestres. Elle leur procure un abri, en plus d&#8217;un endroit tr\u00e8s frais et humide \u00e0 l&#8217;int\u00e9rieur du terrarium.<br \/>\nPrincipales caract\u00e9ristiques :<\/p>\n<p>Apparence naturelle; s&#8217;int\u00e8gre \u00e0 tout type de terrarium<br \/>\nProcure un endroit s\u00e9curisant<br \/>\nPr\u00e9vient le stress<br \/>\nTr\u00e8s stable; les gros reptiles ne pourront la renverser facilement,<\/p>\n","protected":false},"excerpt":{"rendered":"<p>La Grotte Exo Terra pour tortues terrestres a \u00e9t\u00e9 sp\u00e9cialement  [&#8230;]<\/p>\n","protected":false},"featured_media":12021,"template":"","meta":{"wds_primary_product_brand":0,"wds_primary_product_cat":0},"product_brand":[],"product_cat":[79],"product_tag":[],"class_list":{"0":"post-12022","1":"product","2":"type-product","3":"status-publish","4":"has-post-thumbnail","6":"product_cat-uncategorized-en","8":"first","9":"instock","10":"shipping-taxable","11":"product-type-simple"},"_links":{"self":[{"href":"https:\/\/naturepet.com\/en\/wp-json\/wp\/v2\/product\/12022","targetHints":{"allow":["GET"]}}],"collection":[{"href":"https:\/\/naturepet.com\/en\/wp-json\/wp\/v2\/product"}],"about":[{"href":"https:\/\/naturepet.com\/en\/wp-json\/wp\/v2\/types\/product"}],"wp:featuredmedia":[{"embeddable":true,"href":"https:\/\/naturepet.com\/en\/wp-json\/wp\/v2\/media\/12021"}],"wp:attachment":[{"href":"https:\/\/naturepet.com\/en\/wp-json\/wp\/v2\/media?parent=12022"}],"wp:term":[{"taxonomy":"product_brand","embeddable":true,"href":"https:\/\/naturepet.com\/en\/wp-json\/wp\/v2\/product_brand?post=12022"},{"taxonomy":"product_cat","embeddable":true,"href":"https:\/\/naturepet.com\/en\/wp-json\/wp\/v2\/product_cat?post=12022"},{"taxonomy":"product_tag","embeddable":true,"href":"https:\/\/naturepet.com\/en\/wp-json\/wp\/v2\/product_tag?post=12022"}],"curies":[{"name":"wp","href":"https:\/\/api.w.org\/{rel}","templated":true}]}}