{"id":11877,"date":"2026-03-10T16:44:21","date_gmt":"2026-03-10T16:44:21","guid":{"rendered":"https:\/\/naturepet.com\/product\/couvercle-avec-eclairage-compact-top-exo-terra-30-x-9-x-15-cm-118-x-35-x-59-po\/"},"modified":"2026-03-10T16:48:21","modified_gmt":"2026-03-10T16:48:21","slug":"couvercle-avec-eclairage-compact-top-exo-terra-30-x-9-x-15-cm-118-x-35-x-59-po","status":"publish","type":"product","link":"https:\/\/naturepet.com\/en\/boutique\/reptiles-en\/canopies\/couvercle-avec-eclairage-compact-top-exo-terra-30-x-9-x-15-cm-118-x-35-x-59-po\/","title":{"rendered":"Couvercle avec \u00e9clairage Compact Top Exo Terra, 30 x 9 x 15 cm (11,8 x 3,5 x 5,9 po)"},"content":{"rendered":"<p>Le Couvercle avec \u00e9clairage fluorescent Compact Top Exo Terra est une combinaison d&#8217;\u00e9clairage fluorescent et halog\u00e8ne con\u00e7ue pour le Terrarium tout-verre Exo Terra. Facile \u00e0 installer, ce couvercle peut loger des ampoules fluorescentes compactes ou des ampoules incandescentes de faible wattage.<br \/>\nUne combinaison de diff\u00e9rentes ampoules fluocompactes Repti Glo Exo Terra peut \u00eatre utilis\u00e9e (PT2226, PT2227 et PT2228) pour cr\u00e9er la proportion id\u00e9ale de lumi\u00e8re ultraviolette et visible; on peut \u00e9galement employer une combinaison avec une source de lumi\u00e8re incandescente telle que l&#8217;Ampoule DSun Glo Exo Terra pour augmenter la temp\u00e9rature ambiante de l&#8217;air.<br \/>\nDes accessoires facultatifs tels que le thermom\u00e8tre et l&#8217;hygrom\u00e8tre num\u00e9riques, le thermostat et l&#8217;hygrostat Exo Terra peuvent \u00eatre gliss\u00e9s dans le cadre sp\u00e9cial \u00e0 coulisse sur le dessus du couvercle.<br \/>\nPrincipales caract\u00e9ristiques :<\/p>\n<p>Convient aux ampoules fluocompactes ou aux ampoules incandescentes de faible puissance (jusqu&#8217;\u00e0 26 W)<br \/>\nMuni d&#8217;un r\u00e9flecteur encastr\u00e9<br \/>\nFacile \u00e0 installer<br \/>\nComprend un cadre \u00e0 coulisse pour installer des accessoires<\/p>\n","protected":false},"excerpt":{"rendered":"<p>Le Couvercle avec \u00e9clairage fluorescent Compact Top Exo Terra est  [&#8230;]<\/p>\n","protected":false},"featured_media":11876,"template":"","meta":{"wds_primary_product_brand":0,"wds_primary_product_cat":0},"product_brand":[],"product_cat":[150,90],"product_tag":[],"class_list":{"0":"post-11877","1":"product","2":"type-product","3":"status-publish","4":"has-post-thumbnail","6":"product_cat-canopies","7":"product_cat-reptiles-en","9":"first","10":"instock","11":"shipping-taxable","12":"product-type-simple"},"_links":{"self":[{"href":"https:\/\/naturepet.com\/en\/wp-json\/wp\/v2\/product\/11877","targetHints":{"allow":["GET"]}}],"collection":[{"href":"https:\/\/naturepet.com\/en\/wp-json\/wp\/v2\/product"}],"about":[{"href":"https:\/\/naturepet.com\/en\/wp-json\/wp\/v2\/types\/product"}],"wp:featuredmedia":[{"embeddable":true,"href":"https:\/\/naturepet.com\/en\/wp-json\/wp\/v2\/media\/11876"}],"wp:attachment":[{"href":"https:\/\/naturepet.com\/en\/wp-json\/wp\/v2\/media?parent=11877"}],"wp:term":[{"taxonomy":"product_brand","embeddable":true,"href":"https:\/\/naturepet.com\/en\/wp-json\/wp\/v2\/product_brand?post=11877"},{"taxonomy":"product_cat","embeddable":true,"href":"https:\/\/naturepet.com\/en\/wp-json\/wp\/v2\/product_cat?post=11877"},{"taxonomy":"product_tag","embeddable":true,"href":"https:\/\/naturepet.com\/en\/wp-json\/wp\/v2\/product_tag?post=11877"}],"curies":[{"name":"wp","href":"https:\/\/api.w.org\/{rel}","templated":true}]}}