{"id":11867,"date":"2026-03-10T16:20:57","date_gmt":"2026-03-10T16:20:57","guid":{"rendered":"https:\/\/naturepet.com\/product\/pompe-de-circulation-repti-flo-200\/"},"modified":"2026-03-10T16:22:55","modified_gmt":"2026-03-10T16:22:55","slug":"pompe-de-circulation-repti-flo-200","status":"publish","type":"product","link":"https:\/\/naturepet.com\/en\/boutique\/reptiles-en\/filter\/pompe-de-circulation-repti-flo-200\/","title":{"rendered":"Pompe de Circulation Repti Flo 200"},"content":{"rendered":"<p>La Pompe de circulation Repti Flo 200 est \u00e9quip\u00e9e d&#8217;un moteur \u00e9conerg\u00e9tique et sans entretien fournissant un d\u00e9bit continu et puissant. Elle est id\u00e9ale pour am\u00e9liorer l&#8217;oxyg\u00e9nation de l&#8217;eau; elle assure la circulation de l&#8217;eau dans les aquaterrariums et les paludariums ou fait fonctionner des jets d&#8217;eau et des cascades dans un terrarium.<br \/>\nCette pompe compacte est compl\u00e8tement submersible. La Pompe de circulation Repti Flo 200 peut aussi \u00eatre utilis\u00e9e comme pompe de rechange pour toutes les dimensions de cascades naturelles Exo Terra (PT2905, PT2906 et PT2907).<br \/>\nPrincipales caract\u00e9ristiques :<\/p>\n<p>Pompe submersible et polyvalente pour aquaterrariums et paludariums<br \/>\nPompe de rechange pour la cascade naturelle Exo Terra<br \/>\nMoteur \u00e9conerg\u00e9tique et sans entretien<br \/>\nPour usage \u00e0 l&#8217;int\u00e9rieur et dans l&#8217;eau seulement<\/p>\n","protected":false},"excerpt":{"rendered":"<p>La Pompe de circulation Repti Flo 200 est \u00e9quip\u00e9e d&#8217;un  [&#8230;]<\/p>\n","protected":false},"featured_media":11866,"template":"","meta":{"wds_primary_product_brand":0,"wds_primary_product_cat":0},"product_brand":[],"product_cat":[147,90],"product_tag":[],"class_list":{"0":"post-11867","1":"product","2":"type-product","3":"status-publish","4":"has-post-thumbnail","6":"product_cat-filter","7":"product_cat-reptiles-en","9":"first","10":"instock","11":"shipping-taxable","12":"product-type-simple"},"_links":{"self":[{"href":"https:\/\/naturepet.com\/en\/wp-json\/wp\/v2\/product\/11867","targetHints":{"allow":["GET"]}}],"collection":[{"href":"https:\/\/naturepet.com\/en\/wp-json\/wp\/v2\/product"}],"about":[{"href":"https:\/\/naturepet.com\/en\/wp-json\/wp\/v2\/types\/product"}],"wp:featuredmedia":[{"embeddable":true,"href":"https:\/\/naturepet.com\/en\/wp-json\/wp\/v2\/media\/11866"}],"wp:attachment":[{"href":"https:\/\/naturepet.com\/en\/wp-json\/wp\/v2\/media?parent=11867"}],"wp:term":[{"taxonomy":"product_brand","embeddable":true,"href":"https:\/\/naturepet.com\/en\/wp-json\/wp\/v2\/product_brand?post=11867"},{"taxonomy":"product_cat","embeddable":true,"href":"https:\/\/naturepet.com\/en\/wp-json\/wp\/v2\/product_cat?post=11867"},{"taxonomy":"product_tag","embeddable":true,"href":"https:\/\/naturepet.com\/en\/wp-json\/wp\/v2\/product_tag?post=11867"}],"curies":[{"name":"wp","href":"https:\/\/api.w.org\/{rel}","templated":true}]}}