{"id":11404,"date":"2026-03-05T17:35:22","date_gmt":"2026-03-05T17:35:22","guid":{"rendered":"https:\/\/naturepet.com\/product\/regals-living-world-pour-petits-animaux-pastilles-arome-de-yogourt-75-g-26-oz\/"},"modified":"2026-03-05T17:36:38","modified_gmt":"2026-03-05T17:36:38","slug":"regals-living-world-pour-petits-animaux-pastilles-arome-de-yogourt-75-g-26-oz","status":"publish","type":"product","link":"https:\/\/naturepet.com\/en\/boutique\/rodents\/rodent-food\/regals-living-world-pour-petits-animaux-pastilles-arome-de-yogourt-75-g-26-oz\/","title":{"rendered":"R\u00e9gals Living World pour petits animaux, pastilles, ar\u00f4me de yogourt, 75 g (2,6 oz)"},"content":{"rendered":"<p>Les pastilles Living World \u00e0 saveur de yogourt pour petits animaux constituent de d\u00e9licieux r\u00e9gals en morceaux dont votre petit compagnon raffolera. Hautement savoureuse, cette all\u00e9chante collation peut \u00eatre servie quotidiennement comme g\u00e2terie ou r\u00e9compense.<\/p>\n<p>De plus, les pastilles peuvent \u00eatre utilis\u00e9es lors de s\u00e9ances de dressage, ins\u00e9r\u00e9es dans des balles \u00e0 r\u00e9gals pour favoriser l&#8217;enrichissement comportemental et combattre l&#8217;ennui, ou encore bris\u00e9es en petits morceaux et \u00e9parpill\u00e9es pour encourager l&#8217;exploration naturelle. Par ailleurs, les pastilles Living World pour petits animaux sont offertes en une vari\u00e9t\u00e9 de d\u00e9licieuses saveurs.<\/p>\n<p>Les pastilles Living World constituent un compl\u00e9ment alimentaire pour petits animaux de compagnie (lapins, cochons d&#8217;Inde, hamsters et autres petits animaux).<\/p>\n<p><b>Principales caract\u00e9ristiques\u00a0<\/b>:<\/p>\n<ul>\n<li>D\u00e9licieuse saveur de yogourt;<\/li>\n<li>Facilement digestibles;<\/li>\n<li>Hautement savoureux;<\/li>\n<li>Parfaits servis comme g\u00e2terie ou r\u00e9compense;<\/li>\n<li>Id\u00e9als lors des s\u00e9ances de dressage;<\/li>\n<li>Offerts en une vari\u00e9t\u00e9 de d\u00e9licieuses saveurs : carotte, miel, m\u00e9li-m\u00e9lo, pois, arachide et framboise.<\/li>\n<\/ul>\n<p><b>\u00c9galement offerts en une vari\u00e9t\u00e9 de d\u00e9licieuses saveurs<\/b>\u00a0:<\/p>\n<ul>\n<li>60475 &#8211; R\u00e9gals Living World pour petits animaux, pastilles, ar\u00f4me de framboise, 75 g (2,6 oz)<\/li>\n<li>60476 &#8211; R\u00e9gals Living World pour petits animaux, pastilles, ar\u00f4me de pois, 75 g (2,6 oz)<\/li>\n<li>60477 &#8211; R\u00e9gals Living World pour petits animaux, pastilles, ar\u00f4me d&#8217;arachide, 75 g (2,6 oz)<\/li>\n<li>60479 &#8211; R\u00e9gals Living World pour petits animaux, pastilles, ar\u00f4me de miel, 75 g (2,6 oz)<\/li>\n<li>60480 &#8211; R\u00e9gals Living World pour petits animaux, pastilles, ar\u00f4me de carotte, 75 g (2,6 oz)<\/li>\n<li>60481 &#8211; R\u00e9gals Living World pour petits animaux, pastilles, ar\u00f4me m\u00e9li-m\u00e9lo, 75 g (2,6 oz)<\/li>\n<\/ul>\n","protected":false},"excerpt":{"rendered":"<p>Les pastilles Living World \u00e0 saveur de yogourt pour petits  [&#8230;]<\/p>\n","protected":false},"featured_media":11403,"template":"","meta":{"wds_primary_product_brand":0,"wds_primary_product_cat":0},"product_brand":[],"product_cat":[98,91],"product_tag":[],"class_list":{"0":"post-11404","1":"product","2":"type-product","3":"status-publish","4":"has-post-thumbnail","6":"product_cat-rodent-food","7":"product_cat-rodents","9":"first","10":"instock","11":"shipping-taxable","12":"product-type-simple"},"_links":{"self":[{"href":"https:\/\/naturepet.com\/en\/wp-json\/wp\/v2\/product\/11404","targetHints":{"allow":["GET"]}}],"collection":[{"href":"https:\/\/naturepet.com\/en\/wp-json\/wp\/v2\/product"}],"about":[{"href":"https:\/\/naturepet.com\/en\/wp-json\/wp\/v2\/types\/product"}],"wp:featuredmedia":[{"embeddable":true,"href":"https:\/\/naturepet.com\/en\/wp-json\/wp\/v2\/media\/11403"}],"wp:attachment":[{"href":"https:\/\/naturepet.com\/en\/wp-json\/wp\/v2\/media?parent=11404"}],"wp:term":[{"taxonomy":"product_brand","embeddable":true,"href":"https:\/\/naturepet.com\/en\/wp-json\/wp\/v2\/product_brand?post=11404"},{"taxonomy":"product_cat","embeddable":true,"href":"https:\/\/naturepet.com\/en\/wp-json\/wp\/v2\/product_cat?post=11404"},{"taxonomy":"product_tag","embeddable":true,"href":"https:\/\/naturepet.com\/en\/wp-json\/wp\/v2\/product_tag?post=11404"}],"curies":[{"name":"wp","href":"https:\/\/api.w.org\/{rel}","templated":true}]}}