{"id":11252,"date":"2026-03-04T19:30:51","date_gmt":"2026-03-04T19:30:51","guid":{"rendered":"https:\/\/naturepet.com\/product\/melange-de-graines-de-base-evm-hagen-pour-perruches-ondulees-1134-kg-25-lb\/"},"modified":"2026-03-04T19:30:51","modified_gmt":"2026-03-04T19:30:51","slug":"melange-de-graines-de-base-evm-hagen-pour-perruches-ondulees-1134-kg-25-lb","status":"publish","type":"product","link":"https:\/\/naturepet.com\/en\/boutique\/birds\/bird-food\/melange-de-graines-de-base-evm-hagen-pour-perruches-ondulees-1134-kg-25-lb\/","title":{"rendered":"M\u00e9lange de graines de base EVM Hagen pour perruches ondul\u00e9es, 11,34 kg (25 lb)"},"content":{"rendered":"<p>Le M\u00e9lange de base Hagen ne contient que des graines de la plus haute qualit\u00e9 combin\u00e9es pour r\u00e9pondre aux besoins nutritionnels de toutes les perruches ondul\u00e9es. Ces ingr\u00e9dients sont sp\u00e9cialement choisis pour leur grande valeur nutritive et leur bon go\u00fbt.<\/p>\n<p>Les graines sont nettoy\u00e9es \u00e0 l&#8217;air, puis polies afin de produire un m\u00e9lange app\u00e9tissant et sans poussi\u00e8res dont les perruches ondul\u00e9es raffolent.<\/p>\n<p>Cette nourriture est additionn\u00e9e de vitamines et de min\u00e9raux essentiels qui assure la meilleure alimentation possible pour les oiseaux.<\/p>\n<p>Elle peut servir de r\u00e9gime de base enrichi pour des p\u00e9riodes prolong\u00e9es afin d&#8217;ajouter une touche de vari\u00e9t\u00e9 et de l&#8217;int\u00e9r\u00eat. Servir des r\u00e9gals Hagen assortis en alternance.<\/p>\n<p>Servir r\u00e9guli\u00e8rement un suppl\u00e9ment vitaminique tel que Prime aide \u00e0 pr\u00e9venir les carences nutritionnelles si l&#8217;oiseau devient difficile sur les graines qu&#8217;il mange.<\/p>\n<p><b>Format<\/b>\u00a0: 11,34 kg (25 lb).<\/p>\n<p><b>Autres formats<\/b>\u00a0:<\/p>\n<ul>\n<li>\u00a0M\u00e9lange de graines de base EVM Hagen pour perruches ondul\u00e9es, 400 g (14\u00a0oz) (B2202)<\/li>\n<li>\u00a0M\u00e9lange de graines de base EVM Hagen pour perruches ondul\u00e9es, 1,36 kg (3 lb) (B2203)<\/li>\n<\/ul>\n","protected":false},"excerpt":{"rendered":"<p>Le M\u00e9lange de base Hagen ne contient que des graines  [&#8230;]<\/p>\n","protected":false},"featured_media":11255,"template":"","meta":{"wds_primary_product_brand":0,"wds_primary_product_cat":0},"product_brand":[],"product_cat":[84,82],"product_tag":[],"class_list":{"0":"post-11252","1":"product","2":"type-product","3":"status-publish","4":"has-post-thumbnail","6":"product_cat-bird-food","7":"product_cat-birds","9":"first","10":"instock","11":"shipping-taxable","12":"product-type-simple"},"_links":{"self":[{"href":"https:\/\/naturepet.com\/en\/wp-json\/wp\/v2\/product\/11252","targetHints":{"allow":["GET"]}}],"collection":[{"href":"https:\/\/naturepet.com\/en\/wp-json\/wp\/v2\/product"}],"about":[{"href":"https:\/\/naturepet.com\/en\/wp-json\/wp\/v2\/types\/product"}],"wp:featuredmedia":[{"embeddable":true,"href":"https:\/\/naturepet.com\/en\/wp-json\/wp\/v2\/media\/11255"}],"wp:attachment":[{"href":"https:\/\/naturepet.com\/en\/wp-json\/wp\/v2\/media?parent=11252"}],"wp:term":[{"taxonomy":"product_brand","embeddable":true,"href":"https:\/\/naturepet.com\/en\/wp-json\/wp\/v2\/product_brand?post=11252"},{"taxonomy":"product_cat","embeddable":true,"href":"https:\/\/naturepet.com\/en\/wp-json\/wp\/v2\/product_cat?post=11252"},{"taxonomy":"product_tag","embeddable":true,"href":"https:\/\/naturepet.com\/en\/wp-json\/wp\/v2\/product_tag?post=11252"}],"curies":[{"name":"wp","href":"https:\/\/api.w.org\/{rel}","templated":true}]}}