{"id":11205,"date":"2026-03-04T16:46:06","date_gmt":"2026-03-04T16:46:06","guid":{"rendered":"https:\/\/naturepet.com\/product\/aliment-high-performance-tropican-pour-perroquets-granules-de-4-mm-1134-kg-25-lb\/"},"modified":"2026-03-04T16:47:37","modified_gmt":"2026-03-04T16:47:37","slug":"aliment-high-performance-tropican-pour-perroquets-granules-de-4-mm-1134-kg-25-lb","status":"publish","type":"product","link":"https:\/\/naturepet.com\/en\/boutique\/birds\/bird-food\/aliment-high-performance-tropican-pour-perroquets-granules-de-4-mm-1134-kg-25-lb\/","title":{"rendered":"Aliment High Performance Tropican pour perroquets, granul\u00e9s de 4 mm, 11,34 kg (25 lb)"},"content":{"rendered":"<p>La formulation de granul\u00e9s High Performance Tropican pour perroquets est con\u00e7ue scientifiquement et constitue une alimentation enti\u00e8rement \u00e9quilibr\u00e9e qui satisfait les besoins des oiseaux en p\u00e9riode de reproduction (ponte d&#8217;\u0153ufs et \u00e9levage des b\u00e9b\u00e9s) ainsi que des perroquets en croissance (nourrissage \u00e0 la main de la couv\u00e9e).<\/p>\n<p>Puisque les aliments Tropican renferment vitamines et min\u00e9raux, l&#8217;utilisation de suppl\u00e9ments de vitamines n&#8217;est pas n\u00e9cessaire. La formulation High Performance pour perroquets fournit une valeur calorique et un apport \u00e9nerg\u00e9tique \u00e9lev\u00e9s aux oiseaux qui requi\u00e8rent une alimentation tr\u00e8s riche.<\/p>\n<p>Con\u00e7ue pour avoir tr\u00e8s bon go\u00fbt, la formulation contient des ar\u00f4mes naturels de fruits comme ceux de l&#8217;orange et de la banane, de m\u00eame qu&#8217;un m\u00e9lange de huit grains et noix. De plus, la formulation \u00e9tant riche en acides gras om\u00e9ga provenant de graines de lin, d&#8217;arachides et de graines de tournesol, elle contribue \u00e0 un plumage brillant et \u00e0 un corps en sant\u00e9.<\/p>\n<p>Les granul\u00e9s extrud\u00e9s Tropican se brisent proprement sans \u00eatre r\u00e9duits en poudre fine, contrairement aux granul\u00e9s de la ferme, r\u00e9duisant de ce fait le gaspillage de mani\u00e8re importante. Les morceaux durs et denses des aliments Tropican contribuent \u00e0 garder un bec sain, ce qui est essentiel \u00e0 l&#8217;\u00e9tat de sant\u00e9 global des oiseaux.<\/p>\n<p>Les formulations Tropican sont fabriqu\u00e9es au Canada et sont rigoureusement soumises \u00e0 un test en trois \u00e9tapes. Ce processus assure que les consommatrices et les consommateurs se procurent des aliments de la meilleure qualit\u00e9 possible, sur lesquels ils peuvent compter et qui ne repr\u00e9sentent aucun danger pour leur pr\u00e9cieux compagnon \u00e0 plumes.<\/p>\n<p>Les granul\u00e9s de 4 mm conviennent aux conures, aux ca\u00efques, aux perruches moines, aux piones, aux amazones, aux aras, aux cacato\u00e8s et aux Gris d&#8217;Afrique.<\/p>\n","protected":false},"excerpt":{"rendered":"<p>La formulation de granul\u00e9s High Performance Tropican pour perroquets est  [&#8230;]<\/p>\n","protected":false},"featured_media":11204,"template":"","meta":{"wds_primary_product_brand":0,"wds_primary_product_cat":0},"product_brand":[],"product_cat":[84,82],"product_tag":[],"class_list":{"0":"post-11205","1":"product","2":"type-product","3":"status-publish","4":"has-post-thumbnail","6":"product_cat-bird-food","7":"product_cat-birds","9":"first","10":"instock","11":"shipping-taxable","12":"product-type-simple"},"_links":{"self":[{"href":"https:\/\/naturepet.com\/en\/wp-json\/wp\/v2\/product\/11205","targetHints":{"allow":["GET"]}}],"collection":[{"href":"https:\/\/naturepet.com\/en\/wp-json\/wp\/v2\/product"}],"about":[{"href":"https:\/\/naturepet.com\/en\/wp-json\/wp\/v2\/types\/product"}],"wp:featuredmedia":[{"embeddable":true,"href":"https:\/\/naturepet.com\/en\/wp-json\/wp\/v2\/media\/11204"}],"wp:attachment":[{"href":"https:\/\/naturepet.com\/en\/wp-json\/wp\/v2\/media?parent=11205"}],"wp:term":[{"taxonomy":"product_brand","embeddable":true,"href":"https:\/\/naturepet.com\/en\/wp-json\/wp\/v2\/product_brand?post=11205"},{"taxonomy":"product_cat","embeddable":true,"href":"https:\/\/naturepet.com\/en\/wp-json\/wp\/v2\/product_cat?post=11205"},{"taxonomy":"product_tag","embeddable":true,"href":"https:\/\/naturepet.com\/en\/wp-json\/wp\/v2\/product_tag?post=11205"}],"curies":[{"name":"wp","href":"https:\/\/api.w.org\/{rel}","templated":true}]}}