{"id":11199,"date":"2026-03-04T16:39:33","date_gmt":"2026-03-04T16:39:33","guid":{"rendered":"https:\/\/naturepet.com\/product\/aliment-high-performance-tropican-pour-perroquets-batonnets-907-g-20-lb\/"},"modified":"2026-03-04T16:42:12","modified_gmt":"2026-03-04T16:42:12","slug":"aliment-high-performance-tropican-pour-perroquets-batonnets-907-g-20-lb","status":"publish","type":"product","link":"https:\/\/naturepet.com\/en\/boutique\/birds\/bird-food\/aliment-high-performance-tropican-pour-perroquets-batonnets-907-g-20-lb\/","title":{"rendered":"Tropican High Performance Sticks for Parrots &#8211; 9.07 g (20 lb)"},"content":{"rendered":"<p>Tropican High Performance Sticks for Parrots is a scientifically formulated and completely balanced diet that meets the higher requirements for breeding (parental egg laying and rearing of young) and growing Parrots (hand-feeding from hatch).<\/p>\n<p>Since Tropican incorporates vitamins and minerals, a vitamin supplement is not needed. High Performance Formula, a Parrot food with higher protein and caloric value is ideal for companion birds that require a heartier diet.<\/p>\n<p>Formulated for maximum palatability, the sticks include natural fruit flavors such as orange and banana, and a variety of 8 grains and nuts. A rich source of Omega fatty acids from flaxseed, peanuts and sunflower seeds makes feathers shine and help support a healthy body.<\/p>\n<p>Tropican sticks are entirely edible, and can easily be held by your Parrot. Their hardness and density contribute to a healthier beak, which is essential to your bird&#8217;s overall health. Recommended for Amazons, Macaws, Cockatoos and any other bird that prefers this morsel size of 0.25&#8243;x0.75&#8243;.<\/p>\n<p>Tropican Formulas are all made in Canada and undergo rigorous 3-stage testing. This process ensures that every bag of food is safe, dependable and top quality bird food for your treasured feathered companions.<\/p>\n<p><b>Key Features<\/b>\u00a0:<\/p>\n<ul>\n<li>Premium daily nutrition with higher nutrient levels<\/li>\n<li>Suitable for Parrots who are: Young, weaning &amp; fledgling, requiring higher protein &amp; fat, breeding, molting, in flighted aviaries, undergoing a diet conversion from a seed based diet.<\/li>\n<li>Natural transition from the Tropican Hand-Feeding formula<\/li>\n<li>Balanced calcium and vitamin D for proper egg formation and bone health<\/li>\n<li>Essential amino acid combination promotes optimal growth and feather development<\/li>\n<li>Encourages natural foraging<\/li>\n<li>Contains no artificial preservatives, colors and flavors<\/li>\n<\/ul>\n<p><b>Also available<\/b>\u00a0:<\/p>\n<ul>\n<li>80543 Tropican High Performance Sticks for Parrots -1.5 kg (3.3 lb)<\/li>\n<li>80545 High Performance Sticks for Parrots 3.63 kg (8 lb)<\/li>\n<\/ul>\n<p><b>Principales caract\u00e9ristiques<\/b>\u00a0:<\/p>\n<ul>\n<li>Constitue un aliment quotidien de qualit\u00e9 sup\u00e9rieure renfermant une teneur \u00e9lev\u00e9e en nutriments;<\/li>\n<li>Convient aux jeunes perroquets au stade de sevrage et d\u2019envol, aux perroquets n\u00e9cessitant un r\u00e9gime riche en prot\u00e9ines et en mati\u00e8res grasses, aux perroquets en p\u00e9riode de reproduction ou de mue, aux perroquets de voli\u00e8re et aux perroquets en p\u00e9riode de transition d\u2019une alimentation \u00e0 base de graines vers un aliment extrud\u00e9;<\/li>\n<li>Permet une transition naturelle lorsque la formulation Hand-Feeding ne convient plus;<\/li>\n<li>Renferme une teneur \u00e9quilibr\u00e9e en calcium et en vitamine\u00a0D contribuant \u00e0 une bonne formation des \u0153ufs et \u00e0 des os en sant\u00e9;<\/li>\n<li>Contient une combinaison d\u2019acides amin\u00e9s favorisant la croissance des plumes et le d\u00e9veloppement des muscles;<\/li>\n<li>Incite les oiseaux \u00e0 fourrager comme dans la nature;<\/li>\n<li>Ne contient aucun agent de conservation, ni colorant ou ar\u00f4me artificiel.<\/li>\n<\/ul>\n<p><b>\u00c9galement en vente<\/b>\u00a0:<\/p>\n<ul>\n<li>Aliment High Performance Tropican, b\u00e2tonnets pour perroquets, 1,5\u00a0kg (3,3\u00a0lb) (80543)<\/li>\n<li>Aliment High Performance Tropican, b\u00e2tonnets pour perroquets, 3,63\u00a0kg (8\u00a0lb) (80545)<\/li>\n<\/ul>\n","protected":false},"excerpt":{"rendered":"<p>Tropican High Performance Sticks for Parrots is a scientifically formulated  [&#8230;]<\/p>\n","protected":false},"featured_media":11198,"template":"","meta":{"wds_primary_product_brand":0,"wds_primary_product_cat":0},"product_brand":[],"product_cat":[84,82],"product_tag":[],"class_list":{"0":"post-11199","1":"product","2":"type-product","3":"status-publish","4":"has-post-thumbnail","6":"product_cat-bird-food","7":"product_cat-birds","9":"first","10":"instock","11":"shipping-taxable","12":"product-type-simple"},"_links":{"self":[{"href":"https:\/\/naturepet.com\/en\/wp-json\/wp\/v2\/product\/11199","targetHints":{"allow":["GET"]}}],"collection":[{"href":"https:\/\/naturepet.com\/en\/wp-json\/wp\/v2\/product"}],"about":[{"href":"https:\/\/naturepet.com\/en\/wp-json\/wp\/v2\/types\/product"}],"wp:featuredmedia":[{"embeddable":true,"href":"https:\/\/naturepet.com\/en\/wp-json\/wp\/v2\/media\/11198"}],"wp:attachment":[{"href":"https:\/\/naturepet.com\/en\/wp-json\/wp\/v2\/media?parent=11199"}],"wp:term":[{"taxonomy":"product_brand","embeddable":true,"href":"https:\/\/naturepet.com\/en\/wp-json\/wp\/v2\/product_brand?post=11199"},{"taxonomy":"product_cat","embeddable":true,"href":"https:\/\/naturepet.com\/en\/wp-json\/wp\/v2\/product_cat?post=11199"},{"taxonomy":"product_tag","embeddable":true,"href":"https:\/\/naturepet.com\/en\/wp-json\/wp\/v2\/product_tag?post=11199"}],"curies":[{"name":"wp","href":"https:\/\/api.w.org\/{rel}","templated":true}]}}