{"id":11160,"date":"2026-03-04T15:32:43","date_gmt":"2026-03-04T15:32:43","guid":{"rendered":"https:\/\/naturepet.com\/product\/aliment-lifetime-tropican-pour-perroquets-granules-de-4-mm-18-kg-4-lb\/"},"modified":"2026-03-04T15:33:59","modified_gmt":"2026-03-04T15:33:59","slug":"aliment-lifetime-tropican-pour-perroquets-granules-de-4-mm-18-kg-4-lb","status":"publish","type":"product","link":"https:\/\/naturepet.com\/en\/boutique\/birds\/bird-food\/aliment-lifetime-tropican-pour-perroquets-granules-de-4-mm-18-kg-4-lb\/","title":{"rendered":"Aliment Lifetime Tropican pour perroquets, granul\u00e9s de 4 mm, 1,8 kg (4 lb)"},"content":{"rendered":"<p>La formulation de granul\u00e9s Lifetime Tropican pour perroquets est un aliment con\u00e7u scientifiquement qui procure aux perroquets juv\u00e9niles au stade d\u2019envol jusqu\u2019\u00e0 l\u2019\u00e2ge adulte une alimentation quotidienne \u00e9quilibr\u00e9e et savoureuse pour le maintien d\u2019une vie en sant\u00e9.<\/p>\n<p>Puisque les aliments Tropican renferment vitamines et min\u00e9raux, l\u2019utilisation de suppl\u00e9ments de vitamines n\u2019est pas n\u00e9cessaire. En raison de sa faible teneur en prot\u00e9ines et en calcium, la formulation Lifetime est id\u00e9ale pour les oiseaux de compagnie qui ne sont pas en p\u00e9riode de mue et qui ne subissent aucun autre stress comme les temp\u00e9ratures froides.<\/p>\n<p>Con\u00e7ue pour avoir tr\u00e8s bon go\u00fbt, la formulation contient des ar\u00f4mes naturels de fruits comme ceux de l\u2019orange et de la banane, de m\u00eame qu\u2019un m\u00e9lange de huit\u00a0grains et noix. Par ailleurs, elle contient des colorants naturels comme ceux de la carotte et de la luzerne afin d\u2019ajouter un attrait suppl\u00e9mentaire sans utiliser de substances artificielles.<\/p>\n<p>De plus, la formulation \u00e9tant riche en acides gras om\u00e9ga provenant de graines de lin, d\u2019arachides et de graines de tournesol, elle contribue \u00e0 un plumage brillant et \u00e0 un corps en sant\u00e9.<\/p>\n<p>Contrairement aux granul\u00e9s de la ferme, les aliments Tropican se brisent proprement sans \u00eatre r\u00e9duits en poudre fine; le gaspillage est donc r\u00e9duit consid\u00e9rablement. Les morceaux durs et denses des aliments Tropican contribuent \u00e0 garder un bec sain, ce qui est essentiel \u00e0 l\u2019\u00e9tat de sant\u00e9 global des oiseaux.<\/p>\n<p>&nbsp;<\/p>\n<p>Les formulations Tropican sont fabriqu\u00e9es au Canada et sont rigoureusement soumises \u00e0 un test en trois \u00e9tapes. Ce processus assure que les consommatrices et les consommateurs se procurent des aliments de la meilleure qualit\u00e9 possible, sur lesquels ils peuvent compter et qui ne repr\u00e9sentent aucun danger pour leur pr\u00e9cieux compagnon \u00e0 plumes.<\/p>\n<p>Les granul\u00e9s extrud\u00e9s de 4\u00a0mm sont faciles \u00e0 manger et sont recommand\u00e9s pour les conures, les ca\u00efques, les perruches moines, les piones, les amazones, les aras, les cacato\u00e8s et les Gris d\u2019Afrique.<\/p>\n<p><b>Principales caract\u00e9ristiques<\/b>\u00a0:<\/p>\n<ul>\n<li>Convient aux perroquets juv\u00e9niles apr\u00e8s le stade d\u2019envol jusqu\u2019\u00e0 l\u2019\u00e2ge adulte, qui ne sont pas en p\u00e9riode de reproduction ou de mue;<\/li>\n<li>Contient de nombreuses sources de prot\u00e9ines contribuant \u00e0 un magnifique plumage;<\/li>\n<li>Contient une densit\u00e9 calorique \u00e9lev\u00e9e;<\/li>\n<li>Poss\u00e8de un taux optimal en calcium;<\/li>\n<li>S\u2019offre pendant une longue p\u00e9riode de l\u2019ann\u00e9e pour les petites esp\u00e8ces de psittacid\u00e9s;<\/li>\n<li>Ne contient aucun agent de conservation, ni colorant ou ar\u00f4me artificiel;<\/li>\n<li>Est offert sous forme de granul\u00e9s de 4\u00a0mm recommand\u00e9s pour les conures, les ca\u00efques, les perruches moines, les piones, les amazones, les aras, les cacato\u00e8s et les Gris d\u2019Afrique.<\/li>\n<\/ul>\n<p><b>\u00c9galement en vente<\/b>\u00a0:<\/p>\n<ul>\n<li>Aliment Lifetime Tropican pour perroquets, granul\u00e9s de 4\u00a0mm, 820\u00a0g (1,8\u00a0lb) (80530)<\/li>\n<li>Aliment Lifetime Tropican pour perroquets, granul\u00e9s de 4\u00a0mm, 3,63\u00a0kg (8\u00a0lb) (80533)<\/li>\n<\/ul>\n","protected":false},"excerpt":{"rendered":"<p>La formulation de granul\u00e9s Lifetime Tropican pour perroquets est un  [&#8230;]<\/p>\n","protected":false},"featured_media":11159,"template":"","meta":{"wds_primary_product_brand":0,"wds_primary_product_cat":0},"product_brand":[],"product_cat":[84,82],"product_tag":[],"class_list":{"0":"post-11160","1":"product","2":"type-product","3":"status-publish","4":"has-post-thumbnail","6":"product_cat-bird-food","7":"product_cat-birds","9":"first","10":"instock","11":"shipping-taxable","12":"product-type-simple"},"_links":{"self":[{"href":"https:\/\/naturepet.com\/en\/wp-json\/wp\/v2\/product\/11160","targetHints":{"allow":["GET"]}}],"collection":[{"href":"https:\/\/naturepet.com\/en\/wp-json\/wp\/v2\/product"}],"about":[{"href":"https:\/\/naturepet.com\/en\/wp-json\/wp\/v2\/types\/product"}],"wp:featuredmedia":[{"embeddable":true,"href":"https:\/\/naturepet.com\/en\/wp-json\/wp\/v2\/media\/11159"}],"wp:attachment":[{"href":"https:\/\/naturepet.com\/en\/wp-json\/wp\/v2\/media?parent=11160"}],"wp:term":[{"taxonomy":"product_brand","embeddable":true,"href":"https:\/\/naturepet.com\/en\/wp-json\/wp\/v2\/product_brand?post=11160"},{"taxonomy":"product_cat","embeddable":true,"href":"https:\/\/naturepet.com\/en\/wp-json\/wp\/v2\/product_cat?post=11160"},{"taxonomy":"product_tag","embeddable":true,"href":"https:\/\/naturepet.com\/en\/wp-json\/wp\/v2\/product_tag?post=11160"}],"curies":[{"name":"wp","href":"https:\/\/api.w.org\/{rel}","templated":true}]}}