{"id":10726,"date":"2026-02-27T18:26:13","date_gmt":"2026-02-27T18:26:13","guid":{"rendered":"https:\/\/naturepet.com\/product\/rampe-declairage-a-del-aquasky-3-0-fluval-27-w-91-123-cm-36-48-po\/"},"modified":"2026-02-27T18:26:13","modified_gmt":"2026-02-27T18:26:13","slug":"rampe-declairage-a-del-aquasky-3-0-fluval-27-w-91-123-cm-36-48-po","status":"publish","type":"product","link":"https:\/\/naturepet.com\/en\/boutique\/fish\/led\/rampe-declairage-a-del-aquasky-3-0-fluval-27-w-91-123-cm-36-48-po\/","title":{"rendered":"Rampe d\u2019\u00e9clairage \u00e0 DEL Aquasky 3.0 Fluval, 27 W, 91-123 cm (36-48 po)"},"content":{"rendered":"<div class=\"SpecHeadings\"><span id=\"MDescLink\" class=\"SpecLinkOn\"><a class=\"specTypeLink\" href=\"https:\/\/b2b.hagen.com\/ShopItem.aspx?SessionCode=512AC2824DA64A3ABD1FCD3DA6B227C8&amp;CatCono=536044&amp;ProductNo=52627&amp;PageID=305927356#\">Description<\/a><\/span><span id=\"ProdSpecTextLink\" class=\"SpecLinkOff\"><a class=\"specTypeLink\" href=\"https:\/\/b2b.hagen.com\/ShopItem.aspx?SessionCode=512AC2824DA64A3ABD1FCD3DA6B227C8&amp;CatCono=536044&amp;ProductNo=52627&amp;PageID=305927356#\">Sp\u00e9cifications<\/a><\/span><\/div>\n<div id=\"ProdMDesc\" class=\"SpecDivOn\">\n<p class=\"Description\">\n<p>Contr\u00f4l\u00e9e exclusivement par l\u2019appli mobile FluvalConnect et dot\u00e9e d\u2019ampoules \u00e0 DEL RVB et blanches doubles, la rampe d\u2019\u00e9clairage \u00e0 DEL Aquasky 3.0 vous permet de contr\u00f4ler le spectre de couleurs, le cycle d\u2019\u00e9clairage et les effets dynamiques. La plus r\u00e9cente g\u00e9n\u00e9ration comprend \u00e9galement la fonction Bluetooth et la connectivit\u00e9 Wi-Fi de 2,4 GHz, ce qui en fait l\u2019option la plus polyvalente d\u2019\u00e9clairage chez Fluval.<\/p>\n<p><strong>Principales caract\u00e9ristiques :<\/strong><\/p>\n<ul>\n<li>Ampoules \u00e0 DEL RVB + blanches doubles pour une personnalisation compl\u00e8te du spectre de couleurs<\/li>\n<li>Effets m\u00e9t\u00e9orologiques et sp\u00e9ciaux dynamiques pour ajouter une touche dramatique \u00e0 votre am\u00e9nagement<\/li>\n<li>Cycle de 24 heures d\u2019\u00e9clairage programmable; permet d\u2019ajuster les r\u00e9glages du lever du soleil et de la lumi\u00e8re du jour, du cr\u00e9puscule et de la nuit pour reproduire les cycles quotidiens du soleil et de la lune<\/li>\n<li>Fid\u00e8le \u00e0 la nature; spectre de couleurs optimis\u00e9 reproduisant la lumi\u00e8re naturelle du soleil pour faire ressortir les couleurs vives des poissons et des plantes<\/li>\n<li>Fonctionnement exclusif avec l\u2019appli mobile FluvalConnect<\/li>\n<li>Fonctionnalit\u00e9 Bluetooth et connectivit\u00e9 Wi-Fi de 2,4 GHz<\/li>\n<li>Indice IP67 contre la poussi\u00e8re, l\u2019humidit\u00e9 et l\u2019immersion, avec verre de haute qualit\u00e9<\/li>\n<li>Contr\u00f4le ind\u00e9pendant de 6 canaux de couleurs<\/li>\n<li>Excellent IRC faisant ressortir les couleurs vives des poissons et des plantes pour une exp\u00e9rience visuelle authentique<\/li>\n<li>Fonctionnement exclusif avec l\u2019appli mobile FluvalConnect<\/li>\n<li>Cycle de 24 heures d\u2019\u00e9clairage programmable; permet d\u2019ajuster les r\u00e9glages du lever du soleil et de la lumi\u00e8re du jour, du cr\u00e9puscule et de la nuit pour reproduire les cycles quotidiens du soleil et de la lune<\/li>\n<li>Environnements pr\u00e9r\u00e9gl\u00e9s; permet de s\u00e9lectionner l\u2019un des param\u00e8tres pratiques d\u2019\u00e9clairage pour aquariums<\/li>\n<li>Indice IP67 contre la poussi\u00e8re, l\u2019humidit\u00e9 et l\u2019immersion, avec verre de haute qualit\u00e9<\/li>\n<li>Bo\u00eetier en alliage d\u2019aluminium dissipant uniform\u00e9ment la chaleur pour am\u00e9liorer l\u2019efficacit\u00e9 et la long\u00e9vit\u00e9 de l\u2019\u00e9clairage<\/li>\n<li>Supports extensibles permettant d\u2019installer la rampe sur des aquariums de diverses largeurs<\/li>\n<li>Supports extensibles montants (inclus) permettant un positionnement r\u00e9glable \u00e0 la verticale<\/li>\n<li>Trousse de suspension optionnelle vendue s\u00e9par\u00e9ment (14573)<\/li>\n<li>Conception allemande in<\/li>\n<li>Bo\u00eetier en alliage d\u2019aluminium dissipant uniform\u00e9ment la chaleur pour am\u00e9liorer l\u2019efficacit\u00e9 et la long\u00e9vit\u00e9 de l\u2019\u00e9clairage<\/li>\n<li>Supports extensibles permettant d\u2019installer la rampe sur des aquariums de diverses largeurs<\/li>\n<li>Conception allemande<\/li>\n<li>Pour aquariums d\u2019eau douce, avec plantes et d\u2019eau de mer contenant seulement des poissons<\/li>\n<\/ul>\n<p>&nbsp;<\/p>\n<\/div>\n<div><\/div>\n<div><\/div>\n","protected":false},"excerpt":{"rendered":"<p>DescriptionSp\u00e9cifications Contr\u00f4l\u00e9e exclusivement par l\u2019appli mobile FluvalConnect et dot\u00e9e d\u2019ampoules  [&#8230;]<\/p>\n","protected":false},"featured_media":10725,"template":"","meta":{"wds_primary_product_brand":0,"wds_primary_product_cat":0},"product_brand":[],"product_cat":[92,129],"product_tag":[],"class_list":{"0":"post-10726","1":"product","2":"type-product","3":"status-publish","4":"has-post-thumbnail","6":"product_cat-fish","7":"product_cat-led","9":"first","10":"instock","11":"shipping-taxable","12":"product-type-simple"},"_links":{"self":[{"href":"https:\/\/naturepet.com\/en\/wp-json\/wp\/v2\/product\/10726","targetHints":{"allow":["GET"]}}],"collection":[{"href":"https:\/\/naturepet.com\/en\/wp-json\/wp\/v2\/product"}],"about":[{"href":"https:\/\/naturepet.com\/en\/wp-json\/wp\/v2\/types\/product"}],"wp:featuredmedia":[{"embeddable":true,"href":"https:\/\/naturepet.com\/en\/wp-json\/wp\/v2\/media\/10725"}],"wp:attachment":[{"href":"https:\/\/naturepet.com\/en\/wp-json\/wp\/v2\/media?parent=10726"}],"wp:term":[{"taxonomy":"product_brand","embeddable":true,"href":"https:\/\/naturepet.com\/en\/wp-json\/wp\/v2\/product_brand?post=10726"},{"taxonomy":"product_cat","embeddable":true,"href":"https:\/\/naturepet.com\/en\/wp-json\/wp\/v2\/product_cat?post=10726"},{"taxonomy":"product_tag","embeddable":true,"href":"https:\/\/naturepet.com\/en\/wp-json\/wp\/v2\/product_tag?post=10726"}],"curies":[{"name":"wp","href":"https:\/\/api.w.org\/{rel}","templated":true}]}}