{"id":10152,"date":"2026-02-24T17:17:47","date_gmt":"2026-02-24T17:17:47","guid":{"rendered":"https:\/\/naturepet.com\/?post_type=product&#038;p=10152"},"modified":"2026-02-24T17:17:47","modified_gmt":"2026-02-24T17:17:47","slug":"fluval-stratum-volcanic-aquarium-soil-4-kg-8-8-lb","status":"publish","type":"product","link":"https:\/\/naturepet.com\/en\/boutique\/fish\/fluval-stratum-volcanic-aquarium-soil-4-kg-8-8-lb\/","title":{"rendered":"Fluval Stratum Volcanic Aquarium Soil &#8211; 4 kg (8.8 lb)"},"content":{"rendered":"<p>Le substrat Stratum Fluval, qui provient des contreforts du c\u00e9l\u00e8bre mont Aso japonais, dont le sol est riche en min\u00e9raux, est id\u00e9al afin de stimuler la croissance des plantes aquatiques dans les aquariums d&#8217;eau douce.<\/p>\n<p>Les racines des plantes p\u00e9n\u00e8trent et s&#8217;\u00e9tendent facilement dans le substrat, ce qui leur permet d&#8217;obtenir une vari\u00e9t\u00e9 de nutriments cl\u00e9s \u00e0 port\u00e9e de main, et ainsi de s&#8217;\u00e9panouir. De plus, en y int\u00e9grant une quantit\u00e9 de micronutriments Fluval pour plantes, les plantes aquatiques obtiennent un compl\u00e9ment complet de macronutriments et de micronutriments essentiels.<\/p>\n<p>La texture l\u00e9g\u00e8re, poreuse et non comprimable du substrat est par ailleurs tr\u00e8s b\u00e9n\u00e9fique pour les bact\u00e9ries nitrifiantes, qui colonisent rapidement la vaste surface et fournissent ainsi une eau de qualit\u00e9 exceptionnelle.<\/p>\n<p>Les propri\u00e9t\u00e9s inh\u00e9rentes au substrat Stratum Fluval contribuent \u00e0 produire un pH neutre \u00e0 l\u00e9g\u00e8rement acide, parfait pour la plupart des esp\u00e8ces de plantes, ainsi que pour les esp\u00e8ces de poissons tropicaux et les crevettes qui vivent dans les aquariums avec plantes.<\/p>\n<p>Ce substrat constitue \u00e9galement un refuge id\u00e9al pour les crevettes nouveau-n\u00e9es, en leur permettant d&#8217;\u00e9chapper aux pr\u00e9dateurs jusqu&#8217;\u00e0 ce qu&#8217;elles soient assez grandes pour \u00e9merger.<\/p>\n<p>Le substrat Stratum Fluval pour plantes ne d\u00e9teint pas dans l&#8217;eau et aide \u00e0 pr\u00e9venir la d\u00e9coloration organique qui se produit g\u00e9n\u00e9ralement lorsque du bois de gr\u00e8ve naturel est utilis\u00e9. Format : 4 kg (8,8 lb)<\/p>\n<p><strong>Principales caract\u00e9ristiques :<\/strong><\/p>\n<ul>\n<li>Terre volcanique riche en min\u00e9raux<\/li>\n<li>Stimule la croissance de plantes vigoureuses<\/li>\n<li>Favorise un pH neutre \u00e0 l\u00e9g\u00e8rement acide<\/li>\n<li>Pour plantes ou crevettes<\/li>\n<\/ul>\n<p><strong>Autres formats :<\/strong><\/p>\n<p>Substrat Stratum Fluval pour plantes et crevettes, 2 kg (4,4 lb) (12693)<\/p>\n<p>Substrat Stratum Fluval pour plantes et crevettes, 8 kg (17,6 lb) (12695)<\/p>\n","protected":false},"excerpt":{"rendered":"<p>Le substrat Stratum Fluval, qui provient des contreforts du c\u00e9l\u00e8bre  [&#8230;]<\/p>\n","protected":false},"featured_media":10151,"template":"","meta":{"wds_primary_product_brand":0,"wds_primary_product_cat":0},"product_brand":[],"product_cat":[92],"product_tag":[],"class_list":{"0":"post-10152","1":"product","2":"type-product","3":"status-publish","4":"has-post-thumbnail","6":"product_cat-fish","8":"first","9":"instock","10":"shipping-taxable","11":"product-type-simple"},"_links":{"self":[{"href":"https:\/\/naturepet.com\/en\/wp-json\/wp\/v2\/product\/10152","targetHints":{"allow":["GET"]}}],"collection":[{"href":"https:\/\/naturepet.com\/en\/wp-json\/wp\/v2\/product"}],"about":[{"href":"https:\/\/naturepet.com\/en\/wp-json\/wp\/v2\/types\/product"}],"wp:featuredmedia":[{"embeddable":true,"href":"https:\/\/naturepet.com\/en\/wp-json\/wp\/v2\/media\/10151"}],"wp:attachment":[{"href":"https:\/\/naturepet.com\/en\/wp-json\/wp\/v2\/media?parent=10152"}],"wp:term":[{"taxonomy":"product_brand","embeddable":true,"href":"https:\/\/naturepet.com\/en\/wp-json\/wp\/v2\/product_brand?post=10152"},{"taxonomy":"product_cat","embeddable":true,"href":"https:\/\/naturepet.com\/en\/wp-json\/wp\/v2\/product_cat?post=10152"},{"taxonomy":"product_tag","embeddable":true,"href":"https:\/\/naturepet.com\/en\/wp-json\/wp\/v2\/product_tag?post=10152"}],"curies":[{"name":"wp","href":"https:\/\/api.w.org\/{rel}","templated":true}]}}